{"id":89312,"date":"2017-07-01T18:25:50","date_gmt":"2017-07-01T18:25:50","guid":{"rendered":"http:\/\/www.ceramictiles.com\/srbija\/product\/vidrepur-mozaik-a-blanco-25x25\/"},"modified":"2026-01-01T00:00:16","modified_gmt":"2026-01-01T00:00:16","slug":"vidrepur-mozaik-a-blanco-25x25","status":"publish","type":"product","link":"https:\/\/www.keramika.com\/srbija\/vidrepur-mozaik-a-blanco-25x25\/","title":{"rendered":"Vidrepur mozaik A Blanco 25X25"},"content":{"rendered":"<p>Naj vi\u0161e se prodaju bele mozik plo\u010dice. Veli\u010dina mre\u017ee sa mozaikom je 31,5&#215;31,5 cm, \u0161to omogu\u0107ava jednostavnu ugradnju. 4 mm debljina \u0107e zadovoljiti i najzahtevnije kupce. 5095,65 RSD je redovna prodajna cena keramike, tu pa samo 4076,75 RSD. Ovaj mozaik je proizveden od proizvo\u0111a\u010da Vidrepur, iz \u0160panije.<\/p>\n<p>Kliknite na ime serije za sve plo\u010dice u toj seriji: <a class=\"pdfcatal\" href=\"\/\/www.ceramictiles.com\/pdf\/vidrepur\/catalogue_vidrepur_colors.pdf\" onclick=\"recordOutboundLink(this, 'E-mail', 'Description PDF');return false;\">Vidrepur Colors<\/a><\/p>\n<p>Da bi naru\u010dili model iz PDF kataloga ove serije, molimo vas, da nas kontaktirate na: <a href=\"mailto:zo_mi@ceramictiles.com\" onclick=\"recordOutboundLink(this, 'E-mail', 'Description mail');return false;\">zo_mi@ceramictiles.com<\/a> ili nas pozovite na: For exact offer, PLS send us quantity and product you need with delivery address..<\/p>\n<p>Technical description: <\/p>\n<p>Min. 1 box &#8211; Delivery 30 Euro\/box in EU<\/p>\n","protected":false},"excerpt":{"rendered":"<p>Naj vi\u0161e se prodaju bele mozik plo\u010dice. Veli\u010dina mre\u017ee sa mozaikom je 31,5&#215;31,5 cm, \u0161to omogu\u0107ava jednostavnu ugradnju. 4 mm debljina \u0107e zadovoljiti i najzahtevnije kupce. 5095,65 RSD je redovna prodajna cena keramike, tu pa samo 4076,75 RSD. Ovaj mozaik je proizveden od proizvo\u0111a\u010da Vidrepur, iz \u0160panije. Kliknite na ime serije za sve plo\u010dice u [&hellip;]<\/p>\n","protected":false},"featured_media":89313,"template":"","meta":[],"product_cat":[400,999,410,9991712],"product_tag":[],"_links":{"self":[{"href":"https:\/\/www.keramika.com\/srbija\/wp-json\/wp\/v2\/product\/89312"}],"collection":[{"href":"https:\/\/www.keramika.com\/srbija\/wp-json\/wp\/v2\/product"}],"about":[{"href":"https:\/\/www.keramika.com\/srbija\/wp-json\/wp\/v2\/types\/product"}],"wp:featuredmedia":[{"embeddable":true,"href":"https:\/\/www.keramika.com\/srbija\/wp-json\/wp\/v2\/media\/89313"}],"wp:attachment":[{"href":"https:\/\/www.keramika.com\/srbija\/wp-json\/wp\/v2\/media?parent=89312"}],"wp:term":[{"taxonomy":"product_cat","embeddable":true,"href":"https:\/\/www.keramika.com\/srbija\/wp-json\/wp\/v2\/product_cat?post=89312"},{"taxonomy":"product_tag","embeddable":true,"href":"https:\/\/www.keramika.com\/srbija\/wp-json\/wp\/v2\/product_tag?post=89312"}],"curies":[{"name":"wp","href":"https:\/\/api.w.org\/{rel}","templated":true}]}}