{"id":89310,"date":"2017-07-01T18:25:21","date_gmt":"2017-07-01T18:25:21","guid":{"rendered":"http:\/\/www.ceramictiles.com\/srbija\/product\/vidrepur-mozaik-niebla-rojo-50x50\/"},"modified":"2026-01-01T00:00:16","modified_gmt":"2026-01-01T00:00:16","slug":"vidrepur-mozaik-niebla-rojo-50x50","status":"publish","type":"product","link":"https:\/\/www.keramika.com\/srbija\/vidrepur-mozaik-niebla-rojo-50x50\/","title":{"rendered":"Vidrepur mozaik Niebla Rojo 50&#215;50"},"content":{"rendered":"<p>Ovaj mozaik je proizveden od proizvo\u0111a\u010da Vidrepur, iz \u0160panije. Namjesto 11410,3 RSD \u0161to je cena u maloprodaji, Vi pla\u0107ate samo 9128,7 RSD. Mozaik je debljine 4 mm, \u0161to ga \u010dini izuzetno tvrdim. Veli\u010dina mre\u017ee sa mozaikom je 31,5&#215;31,5 cm, \u0161to omogu\u0107ava jednostavnu ugradnju. Prilikom izbora mozaika u glavnom crvene boji ne\u0107ete pogre\u0161iti<\/p>\n<p>Kliknite na ime serije za sve plo\u010dice u toj seriji: <a class=\"pdfcatal\" href=\"\/\/www.ceramictiles.com\/pdf\/vidrepur\/catalogue_vidrepur_colors.pdf\" onclick=\"recordOutboundLink(this, 'E-mail', 'Description PDF');return false;\">Vidrepur Colors<\/a><\/p>\n<p>Da bi naru\u010dili model iz PDF kataloga ove serije, molimo vas, da nas kontaktirate na: <a href=\"mailto:zo_mi@ceramictiles.com\" onclick=\"recordOutboundLink(this, 'E-mail', 'Description mail');return false;\">zo_mi@ceramictiles.com<\/a> ili nas pozovite na: For exact offer, PLS send us quantity and product you need with delivery address..<\/p>\n<p>Technical description: <\/p>\n<p>Min. 1 box &#8211; Delivery 30 Euro\/box in EU<\/p>\n","protected":false},"excerpt":{"rendered":"<p>Ovaj mozaik je proizveden od proizvo\u0111a\u010da Vidrepur, iz \u0160panije. Namjesto 11410,3 RSD \u0161to je cena u maloprodaji, Vi pla\u0107ate samo 9128,7 RSD. Mozaik je debljine 4 mm, \u0161to ga \u010dini izuzetno tvrdim. Veli\u010dina mre\u017ee sa mozaikom je 31,5&#215;31,5 cm, \u0161to omogu\u0107ava jednostavnu ugradnju. Prilikom izbora mozaika u glavnom crvene boji ne\u0107ete pogre\u0161iti Kliknite na ime [&hellip;]<\/p>\n","protected":false},"featured_media":89311,"template":"","meta":[],"product_cat":[400,999,410,9991712],"product_tag":[],"_links":{"self":[{"href":"https:\/\/www.keramika.com\/srbija\/wp-json\/wp\/v2\/product\/89310"}],"collection":[{"href":"https:\/\/www.keramika.com\/srbija\/wp-json\/wp\/v2\/product"}],"about":[{"href":"https:\/\/www.keramika.com\/srbija\/wp-json\/wp\/v2\/types\/product"}],"wp:featuredmedia":[{"embeddable":true,"href":"https:\/\/www.keramika.com\/srbija\/wp-json\/wp\/v2\/media\/89311"}],"wp:attachment":[{"href":"https:\/\/www.keramika.com\/srbija\/wp-json\/wp\/v2\/media?parent=89310"}],"wp:term":[{"taxonomy":"product_cat","embeddable":true,"href":"https:\/\/www.keramika.com\/srbija\/wp-json\/wp\/v2\/product_cat?post=89310"},{"taxonomy":"product_tag","embeddable":true,"href":"https:\/\/www.keramika.com\/srbija\/wp-json\/wp\/v2\/product_tag?post=89310"}],"curies":[{"name":"wp","href":"https:\/\/api.w.org\/{rel}","templated":true}]}}