{"id":89294,"date":"2017-07-01T18:21:31","date_gmt":"2017-07-01T18:21:31","guid":{"rendered":"http:\/\/www.ceramictiles.com\/srbija\/product\/vidrepur-mozaik-niebla-verde-caribe-50x50\/"},"modified":"2026-01-01T00:00:15","modified_gmt":"2026-01-01T00:00:15","slug":"vidrepur-mozaik-niebla-verde-caribe-50x50","status":"publish","type":"product","link":"https:\/\/www.keramika.com\/srbija\/vidrepur-mozaik-niebla-verde-caribe-50x50\/","title":{"rendered":"Vidrepur mozaik Niebla Verde Caribe 50&#215;50"},"content":{"rendered":"<p>Ove lepe, mozaik plo\u010dice plave boje, \u0107e obogatiti svaki prostor. 4 mm debljina \u0107e zadovoljiti i najzahtevnije kupce. Mozaik je iz \u0160panije , koja je poznata u svetu kao jedan od najboljih proizvo\u0111a\u010da mozaik plo\u010dica. Veli\u010dina mre\u017ee 31,5&#215;31,5 cm nakoju je pritvr\u0111en, omogu\u0107ava pritvr\u0111ivanje na razli\u010dite povr\u0161ine. Na na\u0161em sajtu, \u0107e te dobiti mozaik za samo 6281,3 RSD, dok je u maloprodaji 7852,2 RSD.<\/p>\n<p>Kliknite na ime serije za sve plo\u010dice u toj seriji: <a class=\"pdfcatal\" href=\"\/\/www.ceramictiles.com\/pdf\/vidrepur\/catalogue_vidrepur_colors.pdf\" onclick=\"recordOutboundLink(this, 'E-mail', 'Description PDF');return false;\">Vidrepur Colors<\/a><\/p>\n<p>Da bi naru\u010dili model iz PDF kataloga ove serije, molimo vas, da nas kontaktirate na: <a href=\"mailto:zo_mi@ceramictiles.com\" onclick=\"recordOutboundLink(this, 'E-mail', 'Description mail');return false;\">zo_mi@ceramictiles.com<\/a> ili nas pozovite na: For exact offer, PLS send us quantity and product you need with delivery address..<\/p>\n<p>Technical description: <\/p>\n<p>Min. 1 box &#8211; Delivery 30 Euro\/box in EU<\/p>\n","protected":false},"excerpt":{"rendered":"<p>Ove lepe, mozaik plo\u010dice plave boje, \u0107e obogatiti svaki prostor. 4 mm debljina \u0107e zadovoljiti i najzahtevnije kupce. Mozaik je iz \u0160panije , koja je poznata u svetu kao jedan od najboljih proizvo\u0111a\u010da mozaik plo\u010dica. Veli\u010dina mre\u017ee 31,5&#215;31,5 cm nakoju je pritvr\u0111en, omogu\u0107ava pritvr\u0111ivanje na razli\u010dite povr\u0161ine. Na na\u0161em sajtu, \u0107e te dobiti mozaik za [&hellip;]<\/p>\n","protected":false},"featured_media":89295,"template":"","meta":[],"product_cat":[400,999,410,9991712],"product_tag":[],"_links":{"self":[{"href":"https:\/\/www.keramika.com\/srbija\/wp-json\/wp\/v2\/product\/89294"}],"collection":[{"href":"https:\/\/www.keramika.com\/srbija\/wp-json\/wp\/v2\/product"}],"about":[{"href":"https:\/\/www.keramika.com\/srbija\/wp-json\/wp\/v2\/types\/product"}],"wp:featuredmedia":[{"embeddable":true,"href":"https:\/\/www.keramika.com\/srbija\/wp-json\/wp\/v2\/media\/89295"}],"wp:attachment":[{"href":"https:\/\/www.keramika.com\/srbija\/wp-json\/wp\/v2\/media?parent=89294"}],"wp:term":[{"taxonomy":"product_cat","embeddable":true,"href":"https:\/\/www.keramika.com\/srbija\/wp-json\/wp\/v2\/product_cat?post=89294"},{"taxonomy":"product_tag","embeddable":true,"href":"https:\/\/www.keramika.com\/srbija\/wp-json\/wp\/v2\/product_tag?post=89294"}],"curies":[{"name":"wp","href":"https:\/\/api.w.org\/{rel}","templated":true}]}}