{"id":89244,"date":"2017-07-01T18:13:21","date_gmt":"2017-07-01T18:13:21","guid":{"rendered":"http:\/\/www.ceramictiles.com\/srbija\/product\/vidrepur-mozaik-niebla-verde-caribe-38x38\/"},"modified":"2026-01-01T00:00:10","modified_gmt":"2026-01-01T00:00:10","slug":"vidrepur-mozaik-niebla-verde-caribe-38x38","status":"publish","type":"product","link":"https:\/\/www.keramika.com\/srbija\/vidrepur-mozaik-niebla-verde-caribe-38x38\/","title":{"rendered":"Vidrepur mozaik Niebla Verde Caribe 38&#215;38"},"content":{"rendered":"<p>4 mm debljine je dovoljno za zahtevnije kupce. Naj vi\u0161e se prodaju plave mozik plo\u010dice. 4912,8 RSD je redovna prodajna cena keramike, tu pa samo 3929,55 RSD. Vidrepur mosaico Niebla Verde Caribe 38&#215;38 dolazi iz \u0160panije, koja je poznata po vrlo visokoj kvaliteta keramike u svetu. Veli\u010dina mre\u017ee 31,5&#215;31,5 cm nakoju je pritvr\u0111en, omogu\u0107ava pritvr\u0111ivanje na razli\u010dite povr\u0161ine.<\/p>\n<p>Kliknite na ime serije za sve plo\u010dice u toj seriji: <a class=\"pdfcatal\" href=\"\/\/www.ceramictiles.com\/pdf\/vidrepur\/catalogue_vidrepur_colors.pdf\" onclick=\"recordOutboundLink(this, 'E-mail', 'Description PDF');return false;\">Vidrepur Colors<\/a><\/p>\n<p>Da bi naru\u010dili model iz PDF kataloga ove serije, molimo vas, da nas kontaktirate na: <a href=\"mailto:zo_mi@ceramictiles.com\" onclick=\"recordOutboundLink(this, 'E-mail', 'Description mail');return false;\">zo_mi@ceramictiles.com<\/a> ili nas pozovite na: For exact offer, PLS send us quantity and product you need with delivery address..<\/p>\n<p>Technical description: <\/p>\n<p>Min. 1 box &#8211; Delivery 30 Euro\/box in EU<\/p>\n","protected":false},"excerpt":{"rendered":"<p>4 mm debljine je dovoljno za zahtevnije kupce. Naj vi\u0161e se prodaju plave mozik plo\u010dice. 4912,8 RSD je redovna prodajna cena keramike, tu pa samo 3929,55 RSD. Vidrepur mosaico Niebla Verde Caribe 38&#215;38 dolazi iz \u0160panije, koja je poznata po vrlo visokoj kvaliteta keramike u svetu. Veli\u010dina mre\u017ee 31,5&#215;31,5 cm nakoju je pritvr\u0111en, omogu\u0107ava pritvr\u0111ivanje [&hellip;]<\/p>\n","protected":false},"featured_media":89245,"template":"","meta":[],"product_cat":[400,999,410,9991712],"product_tag":[],"_links":{"self":[{"href":"https:\/\/www.keramika.com\/srbija\/wp-json\/wp\/v2\/product\/89244"}],"collection":[{"href":"https:\/\/www.keramika.com\/srbija\/wp-json\/wp\/v2\/product"}],"about":[{"href":"https:\/\/www.keramika.com\/srbija\/wp-json\/wp\/v2\/types\/product"}],"wp:featuredmedia":[{"embeddable":true,"href":"https:\/\/www.keramika.com\/srbija\/wp-json\/wp\/v2\/media\/89245"}],"wp:attachment":[{"href":"https:\/\/www.keramika.com\/srbija\/wp-json\/wp\/v2\/media?parent=89244"}],"wp:term":[{"taxonomy":"product_cat","embeddable":true,"href":"https:\/\/www.keramika.com\/srbija\/wp-json\/wp\/v2\/product_cat?post=89244"},{"taxonomy":"product_tag","embeddable":true,"href":"https:\/\/www.keramika.com\/srbija\/wp-json\/wp\/v2\/product_tag?post=89244"}],"curies":[{"name":"wp","href":"https:\/\/api.w.org\/{rel}","templated":true}]}}