{"id":89182,"date":"2017-07-01T18:04:01","date_gmt":"2017-07-01T18:04:01","guid":{"rendered":"http:\/\/www.ceramictiles.com\/srbija\/product\/vidrepur-mozaik-niebla-rosa-12x25\/"},"modified":"2026-01-01T00:00:05","modified_gmt":"2026-01-01T00:00:05","slug":"vidrepur-mozaik-niebla-rosa-12x25","status":"publish","type":"product","link":"https:\/\/www.keramika.com\/srbija\/vidrepur-mozaik-niebla-rosa-12x25\/","title":{"rendered":"Vidrepur mozaik Niebla Rosa 12&#215;25"},"content":{"rendered":"<p>Vidrepur mosaico Niebla Rosa 12&#215;25 je proizvod iz \u0160panije te je izuzetno kvalitetna. 17608,8 RSD je redovna prodajna cena keramike, tu pa samo 14087,5 RSD. Prilikom izbora mozaika u glavnom be\u017e boji ne\u0107ete pogre\u0161iti Veli\u010dina 31,5&#215;31,5 cm mre\u017ee, na koju su pritvr\u0111ene mozaik plo\u010dice, je odli\u010dna za pokrivanje povr\u0161ine. 4 mm debljina \u0107e zadovoljiti i najzahtevnije kupce.<\/p>\n<p>Kliknite na ime serije za sve plo\u010dice u toj seriji: <a class=\"pdfcatal\" href=\"\/\/www.ceramictiles.com\/pdf\/vidrepur\/catalogue_vidrepur_colors.pdf\" onclick=\"recordOutboundLink(this, 'E-mail', 'Description PDF');return false;\">Vidrepur Colors<\/a><\/p>\n<p>Da bi naru\u010dili model iz PDF kataloga ove serije, molimo vas, da nas kontaktirate na: <a href=\"mailto:zo_mi@ceramictiles.com\" onclick=\"recordOutboundLink(this, 'E-mail', 'Description mail');return false;\">zo_mi@ceramictiles.com<\/a> ili nas pozovite na: For exact offer, PLS send us quantity and product you need with delivery address..<\/p>\n<p>Technical description: <\/p>\n<p>Min. 1 box &#8211; Delivery 30 Euro\/box in EU<\/p>\n","protected":false},"excerpt":{"rendered":"<p>Vidrepur mosaico Niebla Rosa 12&#215;25 je proizvod iz \u0160panije te je izuzetno kvalitetna. 17608,8 RSD je redovna prodajna cena keramike, tu pa samo 14087,5 RSD. Prilikom izbora mozaika u glavnom be\u017e boji ne\u0107ete pogre\u0161iti Veli\u010dina 31,5&#215;31,5 cm mre\u017ee, na koju su pritvr\u0111ene mozaik plo\u010dice, je odli\u010dna za pokrivanje povr\u0161ine. 4 mm debljina \u0107e zadovoljiti i [&hellip;]<\/p>\n","protected":false},"featured_media":89183,"template":"","meta":[],"product_cat":[400,999,410,9991712],"product_tag":[],"_links":{"self":[{"href":"https:\/\/www.keramika.com\/srbija\/wp-json\/wp\/v2\/product\/89182"}],"collection":[{"href":"https:\/\/www.keramika.com\/srbija\/wp-json\/wp\/v2\/product"}],"about":[{"href":"https:\/\/www.keramika.com\/srbija\/wp-json\/wp\/v2\/types\/product"}],"wp:featuredmedia":[{"embeddable":true,"href":"https:\/\/www.keramika.com\/srbija\/wp-json\/wp\/v2\/media\/89183"}],"wp:attachment":[{"href":"https:\/\/www.keramika.com\/srbija\/wp-json\/wp\/v2\/media?parent=89182"}],"wp:term":[{"taxonomy":"product_cat","embeddable":true,"href":"https:\/\/www.keramika.com\/srbija\/wp-json\/wp\/v2\/product_cat?post=89182"},{"taxonomy":"product_tag","embeddable":true,"href":"https:\/\/www.keramika.com\/srbija\/wp-json\/wp\/v2\/product_tag?post=89182"}],"curies":[{"name":"wp","href":"https:\/\/api.w.org\/{rel}","templated":true}]}}