{"id":89148,"date":"2017-07-01T18:00:28","date_gmt":"2017-07-01T18:00:28","guid":{"rendered":"http:\/\/www.ceramictiles.com\/srbija\/product\/vidrepur-mozaik-marfil-12x25\/"},"modified":"2025-12-31T00:03:15","modified_gmt":"2025-12-31T00:03:15","slug":"vidrepur-mozaik-marfil-12x25","status":"publish","type":"product","link":"https:\/\/www.keramika.com\/srbija\/vidrepur-mozaik-marfil-12x25\/","title":{"rendered":"Vidrepur mozaik Marfil 12&#215;25"},"content":{"rendered":"<p>Mozaik plo\u010dice su na mre\u017ei, \u0161to olak\u0161ava njegovu instalaciju. Veli\u010dina mre\u017ee je 31,5&#215;31,5 cm. Ove lepe, mozaik plo\u010dice bele boje, \u0107e obogatiti svaki prostor. Ovaj mozaik je 4 mm, te je vrlo je izdr\u017eljiv. Zaradi ni\u017eih tro\u0161kova kod internetne prodaje, \u0107e te na na\u0161oj strani za taj mozaik platiti 14087,5 RSD. Ove mozaik plo\u010dice doleaze iz \u0160panije, koja je poznata po kvalitetnom mozaiku.<\/p>\n<p>Kliknite na ime serije za sve plo\u010dice u toj seriji: <a class=\"pdfcatal\" href=\"\/\/www.ceramictiles.com\/pdf\/vidrepur\/catalogue_vidrepur_colors.pdf\" onclick=\"recordOutboundLink(this, 'E-mail', 'Description PDF');return false;\">Vidrepur Colors<\/a><\/p>\n<p>Da bi naru\u010dili model iz PDF kataloga ove serije, molimo vas, da nas kontaktirate na: <a href=\"mailto:zo_mi@ceramictiles.com\" onclick=\"recordOutboundLink(this, 'E-mail', 'Description mail');return false;\">zo_mi@ceramictiles.com<\/a> ili nas pozovite na: For exact offer, PLS send us quantity and product you need with delivery address..<\/p>\n<p>Technical description: <\/p>\n<p>Min. 1 box &#8211; Delivery 30 Euro\/box in EU<\/p>\n","protected":false},"excerpt":{"rendered":"<p>Mozaik plo\u010dice su na mre\u017ei, \u0161to olak\u0161ava njegovu instalaciju. Veli\u010dina mre\u017ee je 31,5&#215;31,5 cm. Ove lepe, mozaik plo\u010dice bele boje, \u0107e obogatiti svaki prostor. Ovaj mozaik je 4 mm, te je vrlo je izdr\u017eljiv. Zaradi ni\u017eih tro\u0161kova kod internetne prodaje, \u0107e te na na\u0161oj strani za taj mozaik platiti 14087,5 RSD. Ove mozaik plo\u010dice doleaze [&hellip;]<\/p>\n","protected":false},"featured_media":89149,"template":"","meta":[],"product_cat":[400,999,410,9991712],"product_tag":[],"_links":{"self":[{"href":"https:\/\/www.keramika.com\/srbija\/wp-json\/wp\/v2\/product\/89148"}],"collection":[{"href":"https:\/\/www.keramika.com\/srbija\/wp-json\/wp\/v2\/product"}],"about":[{"href":"https:\/\/www.keramika.com\/srbija\/wp-json\/wp\/v2\/types\/product"}],"wp:featuredmedia":[{"embeddable":true,"href":"https:\/\/www.keramika.com\/srbija\/wp-json\/wp\/v2\/media\/89149"}],"wp:attachment":[{"href":"https:\/\/www.keramika.com\/srbija\/wp-json\/wp\/v2\/media?parent=89148"}],"wp:term":[{"taxonomy":"product_cat","embeddable":true,"href":"https:\/\/www.keramika.com\/srbija\/wp-json\/wp\/v2\/product_cat?post=89148"},{"taxonomy":"product_tag","embeddable":true,"href":"https:\/\/www.keramika.com\/srbija\/wp-json\/wp\/v2\/product_tag?post=89148"}],"curies":[{"name":"wp","href":"https:\/\/api.w.org\/{rel}","templated":true}]}}