{"id":89100,"date":"2017-07-01T17:53:08","date_gmt":"2017-07-01T17:53:08","guid":{"rendered":"http:\/\/www.ceramictiles.com\/srbija\/product\/vidrepur-mozaik-negro-12x12\/"},"modified":"2025-12-31T00:03:10","modified_gmt":"2025-12-31T00:03:10","slug":"vidrepur-mozaik-negro-12x12","status":"publish","type":"product","link":"https:\/\/www.keramika.com\/srbija\/vidrepur-mozaik-negro-12x12\/","title":{"rendered":"Vidrepur mozaik Negro 12&#215;12"},"content":{"rendered":"<p>4 mm debljine je dovoljno za zahtevnije kupce. Dimenzije mre\u017ee na koju je pritvr\u0111en mozaik je 30,3&#215;30,3 cm. Mre\u017ea omogu\u0107ava jednostavnu instalaciju. Ove lepe, mozaik plo\u010dice crne boje, \u0107e obogatiti svaki prostor. Ove mozaik plo\u010dice doleaze iz \u0160panije, koja je poznata po kvalitetnom mozaiku. 26953,7 RSD je redovna prodajna cena keramike, tu pa samo 21562,5 RSD.<\/p>\n<p>Kliknite na ime serije za sve plo\u010dice u toj seriji: <a class=\"pdfcatal\" href=\"\/\/www.ceramictiles.com\/pdf\/vidrepur\/catalogue_vidrepur_colors.pdf\" onclick=\"recordOutboundLink(this, 'E-mail', 'Description PDF');return false;\">Vidrepur Colors<\/a><\/p>\n<p>Da bi naru\u010dili model iz PDF kataloga ove serije, molimo vas, da nas kontaktirate na: <a href=\"mailto:zo_mi@ceramictiles.com\" onclick=\"recordOutboundLink(this, 'E-mail', 'Description mail');return false;\">zo_mi@ceramictiles.com<\/a> ili nas pozovite na: For exact offer, PLS send us quantity and product you need with delivery address..<\/p>\n<p>Technical description: <\/p>\n<p>Min. 1 box &#8211; Delivery 30 Euro\/box in EU<\/p>\n","protected":false},"excerpt":{"rendered":"<p>4 mm debljine je dovoljno za zahtevnije kupce. Dimenzije mre\u017ee na koju je pritvr\u0111en mozaik je 30,3&#215;30,3 cm. Mre\u017ea omogu\u0107ava jednostavnu instalaciju. Ove lepe, mozaik plo\u010dice crne boje, \u0107e obogatiti svaki prostor. Ove mozaik plo\u010dice doleaze iz \u0160panije, koja je poznata po kvalitetnom mozaiku. 26953,7 RSD je redovna prodajna cena keramike, tu pa samo 21562,5 [&hellip;]<\/p>\n","protected":false},"featured_media":89101,"template":"","meta":[],"product_cat":[400,999,410,9991712],"product_tag":[],"_links":{"self":[{"href":"https:\/\/www.keramika.com\/srbija\/wp-json\/wp\/v2\/product\/89100"}],"collection":[{"href":"https:\/\/www.keramika.com\/srbija\/wp-json\/wp\/v2\/product"}],"about":[{"href":"https:\/\/www.keramika.com\/srbija\/wp-json\/wp\/v2\/types\/product"}],"wp:featuredmedia":[{"embeddable":true,"href":"https:\/\/www.keramika.com\/srbija\/wp-json\/wp\/v2\/media\/89101"}],"wp:attachment":[{"href":"https:\/\/www.keramika.com\/srbija\/wp-json\/wp\/v2\/media?parent=89100"}],"wp:term":[{"taxonomy":"product_cat","embeddable":true,"href":"https:\/\/www.keramika.com\/srbija\/wp-json\/wp\/v2\/product_cat?post=89100"},{"taxonomy":"product_tag","embeddable":true,"href":"https:\/\/www.keramika.com\/srbija\/wp-json\/wp\/v2\/product_tag?post=89100"}],"curies":[{"name":"wp","href":"https:\/\/api.w.org\/{rel}","templated":true}]}}