{"id":89020,"date":"2017-07-01T17:40:50","date_gmt":"2017-07-01T17:40:50","guid":{"rendered":"http:\/\/www.ceramictiles.com\/srbija\/product\/vidrepur-mozaik-niebla-azul-celeste-25x25\/"},"modified":"2025-12-31T00:03:02","modified_gmt":"2025-12-31T00:03:02","slug":"vidrepur-mozaik-niebla-azul-celeste-25x25","status":"publish","type":"product","link":"https:\/\/www.keramika.com\/srbija\/vidrepur-mozaik-niebla-azul-celeste-25x25\/","title":{"rendered":"Vidrepur mozaik Niebla Azul Celeste 25&#215;25"},"content":{"rendered":"<p>Ovaj mozaik je proizveden od proizvo\u0111a\u010da Vidrepur, iz \u0160panije. Mozaik je pritvr\u0111en na mre\u017eu, \u0161to olak\u0161ava njegovu ugradnju. Veli\u010dina mre\u017ee je 31,5&#215;31,5 cm , te je pogodan je za razli\u010dite povr\u0161ine. Namjesto 3475,3 RSD \u0161to je cena u maloprodaji, Vi pla\u0107ate samo 2780,7 RSD. Debljina plo\u010dice je vrlo va\u017ena, 4 mm &#8211; mozaik spada me\u0111u najkvalitetnije. Prilikom izbora mozaika u glavnom plave boji ne\u0107ete pogre\u0161iti<\/p>\n<p>Kliknite na ime serije za sve plo\u010dice u toj seriji: <a class=\"pdfcatal\" href=\"\/\/www.ceramictiles.com\/pdf\/vidrepur\/catalogue_vidrepur_colors.pdf\" onclick=\"recordOutboundLink(this, 'E-mail', 'Description PDF');return false;\">Vidrepur Colors<\/a><\/p>\n<p>Da bi naru\u010dili model iz PDF kataloga ove serije, molimo vas, da nas kontaktirate na: <a href=\"mailto:zo_mi@ceramictiles.com\" onclick=\"recordOutboundLink(this, 'E-mail', 'Description mail');return false;\">zo_mi@ceramictiles.com<\/a> ili nas pozovite na: For exact offer, PLS send us quantity and product you need with delivery address..<\/p>\n<p>Technical description: <\/p>\n<p>Min. 1 box &#8211; Delivery 30 Euro\/box in EU<\/p>\n","protected":false},"excerpt":{"rendered":"<p>Ovaj mozaik je proizveden od proizvo\u0111a\u010da Vidrepur, iz \u0160panije. Mozaik je pritvr\u0111en na mre\u017eu, \u0161to olak\u0161ava njegovu ugradnju. Veli\u010dina mre\u017ee je 31,5&#215;31,5 cm , te je pogodan je za razli\u010dite povr\u0161ine. Namjesto 3475,3 RSD \u0161to je cena u maloprodaji, Vi pla\u0107ate samo 2780,7 RSD. Debljina plo\u010dice je vrlo va\u017ena, 4 mm &#8211; mozaik spada me\u0111u [&hellip;]<\/p>\n","protected":false},"featured_media":89021,"template":"","meta":[],"product_cat":[400,999,410,9991712],"product_tag":[],"_links":{"self":[{"href":"https:\/\/www.keramika.com\/srbija\/wp-json\/wp\/v2\/product\/89020"}],"collection":[{"href":"https:\/\/www.keramika.com\/srbija\/wp-json\/wp\/v2\/product"}],"about":[{"href":"https:\/\/www.keramika.com\/srbija\/wp-json\/wp\/v2\/types\/product"}],"wp:featuredmedia":[{"embeddable":true,"href":"https:\/\/www.keramika.com\/srbija\/wp-json\/wp\/v2\/media\/89021"}],"wp:attachment":[{"href":"https:\/\/www.keramika.com\/srbija\/wp-json\/wp\/v2\/media?parent=89020"}],"wp:term":[{"taxonomy":"product_cat","embeddable":true,"href":"https:\/\/www.keramika.com\/srbija\/wp-json\/wp\/v2\/product_cat?post=89020"},{"taxonomy":"product_tag","embeddable":true,"href":"https:\/\/www.keramika.com\/srbija\/wp-json\/wp\/v2\/product_tag?post=89020"}],"curies":[{"name":"wp","href":"https:\/\/api.w.org\/{rel}","templated":true}]}}