{"id":89018,"date":"2017-07-01T17:40:38","date_gmt":"2017-07-01T17:40:38","guid":{"rendered":"http:\/\/www.ceramictiles.com\/srbija\/product\/mozaik-rojo-25x25\/"},"modified":"2025-12-31T00:03:02","modified_gmt":"2025-12-31T00:03:02","slug":"mozaik-rojo-25x25","status":"publish","type":"product","link":"https:\/\/www.keramika.com\/srbija\/mozaik-rojo-25x25\/","title":{"rendered":"mozaik Rojo 25&#215;25"},"content":{"rendered":"<p>Mozaik plo\u010dice su na mre\u017ei, \u0161to olak\u0161ava njegovu instalaciju. Veli\u010dina mre\u017ee je 31,5&#215;31,5 cm. plo\u010dica proizvo\u0111a\u010da Vidrepur iz \u0160panije. Debljina od 4 mm ovog mozaika ga \u010dini vrlo izdr\u017eljivim i prijatnim na dodir. Plo\u010dice crvene boje osvje\u017eit \u0107e svaki prostor. 7780,9 RSD je redovna prodajna cena keramike, tu pa samo 6223,8 RSD.<\/p>\n<p>Kliknite na ime serije za sve plo\u010dice u toj seriji: <a class=\"pdfcatal\" href=\"\/\/www.ceramictiles.com\/pdf\/vidrepur\/catalogue_vidrepur_colors.pdf\" onclick=\"recordOutboundLink(this, 'E-mail', 'Description PDF');return false;\">Vidrepur Colors<\/a><\/p>\n<p>Da bi naru\u010dili model iz PDF kataloga ove serije, molimo vas, da nas kontaktirate na: <a href=\"mailto:zo_mi@ceramictiles.com\" onclick=\"recordOutboundLink(this, 'E-mail', 'Description mail');return false;\">zo_mi@ceramictiles.com<\/a> ili nas pozovite na: For exact offer, PLS send us quantity and product you need with delivery address..<\/p>\n<p>Technical description: <\/p>\n<p>Min. 1 box &#8211; Delivery 30 Euro\/box in EU<\/p>\n","protected":false},"excerpt":{"rendered":"<p>Mozaik plo\u010dice su na mre\u017ei, \u0161to olak\u0161ava njegovu instalaciju. Veli\u010dina mre\u017ee je 31,5&#215;31,5 cm. plo\u010dica proizvo\u0111a\u010da Vidrepur iz \u0160panije. Debljina od 4 mm ovog mozaika ga \u010dini vrlo izdr\u017eljivim i prijatnim na dodir. Plo\u010dice crvene boje osvje\u017eit \u0107e svaki prostor. 7780,9 RSD je redovna prodajna cena keramike, tu pa samo 6223,8 RSD. Kliknite na ime [&hellip;]<\/p>\n","protected":false},"featured_media":89019,"template":"","meta":[],"product_cat":[400,999,410,9991712],"product_tag":[],"_links":{"self":[{"href":"https:\/\/www.keramika.com\/srbija\/wp-json\/wp\/v2\/product\/89018"}],"collection":[{"href":"https:\/\/www.keramika.com\/srbija\/wp-json\/wp\/v2\/product"}],"about":[{"href":"https:\/\/www.keramika.com\/srbija\/wp-json\/wp\/v2\/types\/product"}],"wp:featuredmedia":[{"embeddable":true,"href":"https:\/\/www.keramika.com\/srbija\/wp-json\/wp\/v2\/media\/89019"}],"wp:attachment":[{"href":"https:\/\/www.keramika.com\/srbija\/wp-json\/wp\/v2\/media?parent=89018"}],"wp:term":[{"taxonomy":"product_cat","embeddable":true,"href":"https:\/\/www.keramika.com\/srbija\/wp-json\/wp\/v2\/product_cat?post=89018"},{"taxonomy":"product_tag","embeddable":true,"href":"https:\/\/www.keramika.com\/srbija\/wp-json\/wp\/v2\/product_tag?post=89018"}],"curies":[{"name":"wp","href":"https:\/\/api.w.org\/{rel}","templated":true}]}}