{"id":88978,"date":"2017-07-01T17:35:08","date_gmt":"2017-07-01T17:35:08","guid":{"rendered":"http:\/\/www.ceramictiles.com\/srbija\/product\/vidrepur-mozaik-piedra-beige-25x50\/"},"modified":"2025-12-31T00:02:57","modified_gmt":"2025-12-31T00:02:57","slug":"vidrepur-mozaik-piedra-beige-25x50","status":"publish","type":"product","link":"https:\/\/www.keramika.com\/srbija\/vidrepur-mozaik-piedra-beige-25x50\/","title":{"rendered":"Vidrepur mozaik Piedra Beige 25&#215;50"},"content":{"rendered":"<p>Naj vi\u0161e se prodaju braon mozik plo\u010dice. 4 mm debljina \u0107e zadovoljiti i najzahtevnije kupce. Na na\u0161em sajtu, \u0107e te dobiti mozaik za samo 14375 RSD, dok je u maloprodaji 17968,75 RSD. Vidrepur mosaico Piedra Beige 25&#215;50 je proizvod iz \u0160panije te je izuzetno kvalitetna. Mozaik plo\u010dice su na mre\u017ei, \u0161to olak\u0161ava njegovu instalaciju. Veli\u010dina mre\u017ee je 31,5&#215;31,5 cm.<\/p>\n<p>Kliknite na ime serije za sve plo\u010dice u toj seriji: <a class=\"pdfcatal\" href=\"\/\/www.ceramictiles.com\/pdf\/vidrepur\/catalogue_vidrepur_deco.pdf\" onclick=\"recordOutboundLink(this, 'E-mail', 'Description PDF');return false;\">Vidrepur Deco<\/a><\/p>\n<p>Da bi naru\u010dili model iz PDF kataloga ove serije, molimo vas, da nas kontaktirate na: <a href=\"mailto:zo_mi@ceramictiles.com\" onclick=\"recordOutboundLink(this, 'E-mail', 'Description mail');return false;\">zo_mi@ceramictiles.com<\/a> ili nas pozovite na: For exact offer, PLS send us quantity and product you need with delivery address..<\/p>\n<p>Technical description: <\/p>\n<p>Min. 1 box &#8211; Delivery 30 Euro\/box in EU<\/p>\n","protected":false},"excerpt":{"rendered":"<p>Naj vi\u0161e se prodaju braon mozik plo\u010dice. 4 mm debljina \u0107e zadovoljiti i najzahtevnije kupce. Na na\u0161em sajtu, \u0107e te dobiti mozaik za samo 14375 RSD, dok je u maloprodaji 17968,75 RSD. Vidrepur mosaico Piedra Beige 25&#215;50 je proizvod iz \u0160panije te je izuzetno kvalitetna. Mozaik plo\u010dice su na mre\u017ei, \u0161to olak\u0161ava njegovu instalaciju. Veli\u010dina [&hellip;]<\/p>\n","protected":false},"featured_media":88979,"template":"","meta":[],"product_cat":[400,999,410,9991712],"product_tag":[],"_links":{"self":[{"href":"https:\/\/www.keramika.com\/srbija\/wp-json\/wp\/v2\/product\/88978"}],"collection":[{"href":"https:\/\/www.keramika.com\/srbija\/wp-json\/wp\/v2\/product"}],"about":[{"href":"https:\/\/www.keramika.com\/srbija\/wp-json\/wp\/v2\/types\/product"}],"wp:featuredmedia":[{"embeddable":true,"href":"https:\/\/www.keramika.com\/srbija\/wp-json\/wp\/v2\/media\/88979"}],"wp:attachment":[{"href":"https:\/\/www.keramika.com\/srbija\/wp-json\/wp\/v2\/media?parent=88978"}],"wp:term":[{"taxonomy":"product_cat","embeddable":true,"href":"https:\/\/www.keramika.com\/srbija\/wp-json\/wp\/v2\/product_cat?post=88978"},{"taxonomy":"product_tag","embeddable":true,"href":"https:\/\/www.keramika.com\/srbija\/wp-json\/wp\/v2\/product_tag?post=88978"}],"curies":[{"name":"wp","href":"https:\/\/api.w.org\/{rel}","templated":true}]}}