{"id":88952,"date":"2017-07-01T17:30:00","date_gmt":"2017-07-01T17:30:00","guid":{"rendered":"http:\/\/www.ceramictiles.com\/srbija\/product\/vidrepur-mozaik-piedra-natural-12x25\/"},"modified":"2025-12-31T00:02:54","modified_gmt":"2025-12-31T00:02:54","slug":"vidrepur-mozaik-piedra-natural-12x25","status":"publish","type":"product","link":"https:\/\/www.keramika.com\/srbija\/vidrepur-mozaik-piedra-natural-12x25\/","title":{"rendered":"Vidrepur mozaik Piedra Natural 12&#215;25"},"content":{"rendered":"<p>Dimenzije mre\u017ee na koju je pritvr\u0111en mozaik je 31,5&#215;31,5 cm. Mre\u017ea omogu\u0107ava jednostavnu instalaciju. Namjesto 12714,4 RSD \u0161to je cena u maloprodaji, Vi pla\u0107ate samo 10171,75 RSD. Ovaj mozaik je 4 mm, te je vrlo je izdr\u017eljiv. Mozaik je iz \u0160panije , koja je poznata u svetu kao jedan od najboljih proizvo\u0111a\u010da mozaik plo\u010dica. Prilikom izbora mozaika u glavnom be\u017e boji ne\u0107ete pogre\u0161iti<\/p>\n<p>Kliknite na ime serije za sve plo\u010dice u toj seriji: <a class=\"pdfcatal\" href=\"\/\/www.ceramictiles.com\/pdf\/vidrepur\/catalogue_vidrepur_deco.pdf\" onclick=\"recordOutboundLink(this, 'E-mail', 'Description PDF');return false;\">Vidrepur Deco<\/a><\/p>\n<p>Da bi naru\u010dili model iz PDF kataloga ove serije, molimo vas, da nas kontaktirate na: <a href=\"mailto:zo_mi@ceramictiles.com\" onclick=\"recordOutboundLink(this, 'E-mail', 'Description mail');return false;\">zo_mi@ceramictiles.com<\/a> ili nas pozovite na: For exact offer, PLS send us quantity and product you need with delivery address..<\/p>\n<p>Technical description: <\/p>\n<p>Min. 1 box &#8211; Delivery 30 Euro\/box in EU<\/p>\n","protected":false},"excerpt":{"rendered":"<p>Dimenzije mre\u017ee na koju je pritvr\u0111en mozaik je 31,5&#215;31,5 cm. Mre\u017ea omogu\u0107ava jednostavnu instalaciju. Namjesto 12714,4 RSD \u0161to je cena u maloprodaji, Vi pla\u0107ate samo 10171,75 RSD. Ovaj mozaik je 4 mm, te je vrlo je izdr\u017eljiv. Mozaik je iz \u0160panije , koja je poznata u svetu kao jedan od najboljih proizvo\u0111a\u010da mozaik plo\u010dica. Prilikom [&hellip;]<\/p>\n","protected":false},"featured_media":88953,"template":"","meta":[],"product_cat":[400,999,410,9991712],"product_tag":[],"_links":{"self":[{"href":"https:\/\/www.keramika.com\/srbija\/wp-json\/wp\/v2\/product\/88952"}],"collection":[{"href":"https:\/\/www.keramika.com\/srbija\/wp-json\/wp\/v2\/product"}],"about":[{"href":"https:\/\/www.keramika.com\/srbija\/wp-json\/wp\/v2\/types\/product"}],"wp:featuredmedia":[{"embeddable":true,"href":"https:\/\/www.keramika.com\/srbija\/wp-json\/wp\/v2\/media\/88953"}],"wp:attachment":[{"href":"https:\/\/www.keramika.com\/srbija\/wp-json\/wp\/v2\/media?parent=88952"}],"wp:term":[{"taxonomy":"product_cat","embeddable":true,"href":"https:\/\/www.keramika.com\/srbija\/wp-json\/wp\/v2\/product_cat?post=88952"},{"taxonomy":"product_tag","embeddable":true,"href":"https:\/\/www.keramika.com\/srbija\/wp-json\/wp\/v2\/product_tag?post=88952"}],"curies":[{"name":"wp","href":"https:\/\/api.w.org\/{rel}","templated":true}]}}