{"id":88946,"date":"2017-07-01T17:28:54","date_gmt":"2017-07-01T17:28:54","guid":{"rendered":"http:\/\/www.ceramictiles.com\/srbija\/product\/vidrepur-mozaik-piedra-beige-12x25\/"},"modified":"2025-12-31T00:02:54","modified_gmt":"2025-12-31T00:02:54","slug":"vidrepur-mozaik-piedra-beige-12x25","status":"publish","type":"product","link":"https:\/\/www.keramika.com\/srbija\/vidrepur-mozaik-piedra-beige-12x25\/","title":{"rendered":"Vidrepur mozaik Piedra Beige 12&#215;25"},"content":{"rendered":"<p>Vidrepur mosaico Piedra Beige 12&#215;25 je proizvod iz \u0160panije te je izuzetno kvalitetna. Prilikom izbora mozaika u glavnom braon boji ne\u0107ete pogre\u0161iti Mozaik plo\u010dice su na mre\u017ei, \u0161to olak\u0161ava njegovu instalaciju. Veli\u010dina mre\u017ee je 31,5&#215;31,5 cm. 4 mm debljine je dovoljno za zahtevnije kupce. Redovna cena tog mozaika u maloprodaji je 12714,4 RSD, a u na\u0161oj online trgovini, ga mo\u017eete dobiti za 10171,75 RSD.<\/p>\n<p>Kliknite na ime serije za sve plo\u010dice u toj seriji: <a class=\"pdfcatal\" href=\"\/\/www.ceramictiles.com\/pdf\/vidrepur\/catalogue_vidrepur_deco.pdf\" onclick=\"recordOutboundLink(this, 'E-mail', 'Description PDF');return false;\">Vidrepur Deco<\/a><\/p>\n<p>Da bi naru\u010dili model iz PDF kataloga ove serije, molimo vas, da nas kontaktirate na: <a href=\"mailto:zo_mi@ceramictiles.com\" onclick=\"recordOutboundLink(this, 'E-mail', 'Description mail');return false;\">zo_mi@ceramictiles.com<\/a> ili nas pozovite na: For exact offer, PLS send us quantity and product you need with delivery address..<\/p>\n<p>Technical description: <\/p>\n<p>Min. 1 box &#8211; Delivery 30 Euro\/box in EU<\/p>\n","protected":false},"excerpt":{"rendered":"<p>Vidrepur mosaico Piedra Beige 12&#215;25 je proizvod iz \u0160panije te je izuzetno kvalitetna. Prilikom izbora mozaika u glavnom braon boji ne\u0107ete pogre\u0161iti Mozaik plo\u010dice su na mre\u017ei, \u0161to olak\u0161ava njegovu instalaciju. Veli\u010dina mre\u017ee je 31,5&#215;31,5 cm. 4 mm debljine je dovoljno za zahtevnije kupce. Redovna cena tog mozaika u maloprodaji je 12714,4 RSD, a u [&hellip;]<\/p>\n","protected":false},"featured_media":88947,"template":"","meta":[],"product_cat":[400,999,410,9991712],"product_tag":[],"_links":{"self":[{"href":"https:\/\/www.keramika.com\/srbija\/wp-json\/wp\/v2\/product\/88946"}],"collection":[{"href":"https:\/\/www.keramika.com\/srbija\/wp-json\/wp\/v2\/product"}],"about":[{"href":"https:\/\/www.keramika.com\/srbija\/wp-json\/wp\/v2\/types\/product"}],"wp:featuredmedia":[{"embeddable":true,"href":"https:\/\/www.keramika.com\/srbija\/wp-json\/wp\/v2\/media\/88947"}],"wp:attachment":[{"href":"https:\/\/www.keramika.com\/srbija\/wp-json\/wp\/v2\/media?parent=88946"}],"wp:term":[{"taxonomy":"product_cat","embeddable":true,"href":"https:\/\/www.keramika.com\/srbija\/wp-json\/wp\/v2\/product_cat?post=88946"},{"taxonomy":"product_tag","embeddable":true,"href":"https:\/\/www.keramika.com\/srbija\/wp-json\/wp\/v2\/product_tag?post=88946"}],"curies":[{"name":"wp","href":"https:\/\/api.w.org\/{rel}","templated":true}]}}