{"id":88912,"date":"2017-07-01T17:22:44","date_gmt":"2017-07-01T17:22:44","guid":{"rendered":"http:\/\/www.ceramictiles.com\/srbija\/product\/vidrepur-mozaik-pincel-negrooro-25x25\/"},"modified":"2025-12-31T00:02:49","modified_gmt":"2025-12-31T00:02:49","slug":"vidrepur-mozaik-pincel-negrooro-25x25","status":"publish","type":"product","link":"https:\/\/www.keramika.com\/srbija\/vidrepur-mozaik-pincel-negrooro-25x25\/","title":{"rendered":"Vidrepur mozaik Pincel Negro\/Oro 25&#215;25"},"content":{"rendered":"<p>Na na\u0161em sajtu, \u0107e te dobiti mozaik za samo 4456,25 RSD, dok je u maloprodaji 5570,6 RSD. Mozaik je pritvr\u0111en na mre\u017eu, \u0161to olak\u0161ava njegovu ugradnju. Veli\u010dina mre\u017ee je 31,5&#215;31,5 cm , te je pogodan je za razli\u010dite povr\u0161ine. Ovaj mozaik je 4 mm, te je vrlo je izdr\u017eljiv. plo\u010dica proizvo\u0111a\u010da Vidrepur iz \u0160panije. Plo\u010dice zelene boje osvje\u017eit \u0107e svaki prostor.<\/p>\n<p>Kliknite na ime serije za sve plo\u010dice u toj seriji: <a class=\"pdfcatal\" href=\"\/\/www.ceramictiles.com\/pdf\/vidrepur\/catalogue_vidrepur_deco.pdf\" onclick=\"recordOutboundLink(this, 'E-mail', 'Description PDF');return false;\">Vidrepur Deco<\/a><\/p>\n<p>Da bi naru\u010dili model iz PDF kataloga ove serije, molimo vas, da nas kontaktirate na: <a href=\"mailto:zo_mi@ceramictiles.com\" onclick=\"recordOutboundLink(this, 'E-mail', 'Description mail');return false;\">zo_mi@ceramictiles.com<\/a> ili nas pozovite na: For exact offer, PLS send us quantity and product you need with delivery address..<\/p>\n<p>Technical description: <\/p>\n<p>Min. 1 box &#8211; Delivery 30 Euro\/box in EU<\/p>\n","protected":false},"excerpt":{"rendered":"<p>Na na\u0161em sajtu, \u0107e te dobiti mozaik za samo 4456,25 RSD, dok je u maloprodaji 5570,6 RSD. Mozaik je pritvr\u0111en na mre\u017eu, \u0161to olak\u0161ava njegovu ugradnju. Veli\u010dina mre\u017ee je 31,5&#215;31,5 cm , te je pogodan je za razli\u010dite povr\u0161ine. Ovaj mozaik je 4 mm, te je vrlo je izdr\u017eljiv. plo\u010dica proizvo\u0111a\u010da Vidrepur iz \u0160panije. Plo\u010dice [&hellip;]<\/p>\n","protected":false},"featured_media":88913,"template":"","meta":[],"product_cat":[400,999,410,9991712],"product_tag":[],"_links":{"self":[{"href":"https:\/\/www.keramika.com\/srbija\/wp-json\/wp\/v2\/product\/88912"}],"collection":[{"href":"https:\/\/www.keramika.com\/srbija\/wp-json\/wp\/v2\/product"}],"about":[{"href":"https:\/\/www.keramika.com\/srbija\/wp-json\/wp\/v2\/types\/product"}],"wp:featuredmedia":[{"embeddable":true,"href":"https:\/\/www.keramika.com\/srbija\/wp-json\/wp\/v2\/media\/88913"}],"wp:attachment":[{"href":"https:\/\/www.keramika.com\/srbija\/wp-json\/wp\/v2\/media?parent=88912"}],"wp:term":[{"taxonomy":"product_cat","embeddable":true,"href":"https:\/\/www.keramika.com\/srbija\/wp-json\/wp\/v2\/product_cat?post=88912"},{"taxonomy":"product_tag","embeddable":true,"href":"https:\/\/www.keramika.com\/srbija\/wp-json\/wp\/v2\/product_tag?post=88912"}],"curies":[{"name":"wp","href":"https:\/\/api.w.org\/{rel}","templated":true}]}}