{"id":88906,"date":"2017-07-01T17:21:29","date_gmt":"2017-07-01T17:21:29","guid":{"rendered":"http:\/\/www.ceramictiles.com\/srbija\/product\/vidrepur-mozaik-pincel-azulamarillo-25x25\/"},"modified":"2025-12-31T00:02:48","modified_gmt":"2025-12-31T00:02:48","slug":"vidrepur-mozaik-pincel-azulamarillo-25x25","status":"publish","type":"product","link":"https:\/\/www.keramika.com\/srbija\/vidrepur-mozaik-pincel-azulamarillo-25x25\/","title":{"rendered":"Vidrepur mozaik Pincel Azul\/Amarillo 25&#215;25"},"content":{"rendered":"<p>Redovna cena tog mozaika u maloprodaji je 5570,6 RSD, a u na\u0161oj online trgovini, ga mo\u017eete dobiti za 4456,25 RSD. Prilikom izbora mozaika u glavnom ljubi\u010daste boji ne\u0107ete pogre\u0161iti Veli\u010dina mre\u017ee sa mozaikom je 31,5&#215;31,5 cm, \u0161to omogu\u0107ava jednostavnu ugradnju. Mozaik je iz \u0160panije , koja je poznata u svetu kao jedan od najboljih proizvo\u0111a\u010da mozaik plo\u010dica. Debljina plo\u010dice je vrlo va\u017ena, 4 mm &#8211; mozaik spada me\u0111u najkvalitetnije.<\/p>\n<p>Kliknite na ime serije za sve plo\u010dice u toj seriji: <a class=\"pdfcatal\" href=\"\/\/www.ceramictiles.com\/pdf\/vidrepur\/catalogue_vidrepur_deco.pdf\" onclick=\"recordOutboundLink(this, 'E-mail', 'Description PDF');return false;\">Vidrepur Deco<\/a><\/p>\n<p>Da bi naru\u010dili model iz PDF kataloga ove serije, molimo vas, da nas kontaktirate na: <a href=\"mailto:zo_mi@ceramictiles.com\" onclick=\"recordOutboundLink(this, 'E-mail', 'Description mail');return false;\">zo_mi@ceramictiles.com<\/a> ili nas pozovite na: For exact offer, PLS send us quantity and product you need with delivery address..<\/p>\n<p>Technical description: <\/p>\n<p>Min. 1 box &#8211; Delivery 30 Euro\/box in EU<\/p>\n","protected":false},"excerpt":{"rendered":"<p>Redovna cena tog mozaika u maloprodaji je 5570,6 RSD, a u na\u0161oj online trgovini, ga mo\u017eete dobiti za 4456,25 RSD. Prilikom izbora mozaika u glavnom ljubi\u010daste boji ne\u0107ete pogre\u0161iti Veli\u010dina mre\u017ee sa mozaikom je 31,5&#215;31,5 cm, \u0161to omogu\u0107ava jednostavnu ugradnju. Mozaik je iz \u0160panije , koja je poznata u svetu kao jedan od najboljih proizvo\u0111a\u010da [&hellip;]<\/p>\n","protected":false},"featured_media":88907,"template":"","meta":[],"product_cat":[400,999,410,9991712],"product_tag":[],"_links":{"self":[{"href":"https:\/\/www.keramika.com\/srbija\/wp-json\/wp\/v2\/product\/88906"}],"collection":[{"href":"https:\/\/www.keramika.com\/srbija\/wp-json\/wp\/v2\/product"}],"about":[{"href":"https:\/\/www.keramika.com\/srbija\/wp-json\/wp\/v2\/types\/product"}],"wp:featuredmedia":[{"embeddable":true,"href":"https:\/\/www.keramika.com\/srbija\/wp-json\/wp\/v2\/media\/88907"}],"wp:attachment":[{"href":"https:\/\/www.keramika.com\/srbija\/wp-json\/wp\/v2\/media?parent=88906"}],"wp:term":[{"taxonomy":"product_cat","embeddable":true,"href":"https:\/\/www.keramika.com\/srbija\/wp-json\/wp\/v2\/product_cat?post=88906"},{"taxonomy":"product_tag","embeddable":true,"href":"https:\/\/www.keramika.com\/srbija\/wp-json\/wp\/v2\/product_tag?post=88906"}],"curies":[{"name":"wp","href":"https:\/\/api.w.org\/{rel}","templated":true}]}}