{"id":88820,"date":"2017-07-01T17:07:32","date_gmt":"2017-07-01T17:07:32","guid":{"rendered":"http:\/\/www.ceramictiles.com\/srbija\/product\/vidrepur-mozaik-pincel-cobre-50x50\/"},"modified":"2025-12-31T00:02:38","modified_gmt":"2025-12-31T00:02:38","slug":"vidrepur-mozaik-pincel-cobre-50x50","status":"publish","type":"product","link":"https:\/\/www.keramika.com\/srbija\/vidrepur-mozaik-pincel-cobre-50x50\/","title":{"rendered":"Vidrepur mozaik Pincel Cobre 50&#215;50"},"content":{"rendered":"<p>Mozaik je debljine 4 mm, \u0161to ga \u010dini izuzetno tvrdim. Vidrepur mosaico Pincel Cobre 50&#215;50 je dostupna po vrlo povoljnim cenama 14375 RSD. Ove lepe, mozaik plo\u010dice roze boje, \u0107e obogatiti svaki prostor. Veli\u010dina mre\u017ee sa mozaikom je 31,5&#215;31,5 cm, \u0161to omogu\u0107ava jednostavnu ugradnju. Vidrepur mosaico Pincel Cobre 50&#215;50 dolazi iz \u0160panije, koja je poznata po vrlo visokoj kvaliteta keramike u svetu.<\/p>\n<p>Kliknite na ime serije za sve plo\u010dice u toj seriji: <a class=\"pdfcatal\" href=\"\/\/www.ceramictiles.com\/pdf\/vidrepur\/catalogue_vidrepur_titanium.pdf\" onclick=\"recordOutboundLink(this, 'E-mail', 'Description PDF');return false;\">Vidrepur Titanium<\/a><\/p>\n<p>Da bi naru\u010dili model iz PDF kataloga ove serije, molimo vas, da nas kontaktirate na: <a href=\"mailto:zo_mi@ceramictiles.com\" onclick=\"recordOutboundLink(this, 'E-mail', 'Description mail');return false;\">zo_mi@ceramictiles.com<\/a> ili nas pozovite na: For exact offer, PLS send us quantity and product you need with delivery address..<\/p>\n<p>Technical description: <\/p>\n<p>Min. 1 box &#8211; Delivery 30 Euro\/box in EU<\/p>\n","protected":false},"excerpt":{"rendered":"<p>Mozaik je debljine 4 mm, \u0161to ga \u010dini izuzetno tvrdim. Vidrepur mosaico Pincel Cobre 50&#215;50 je dostupna po vrlo povoljnim cenama 14375 RSD. Ove lepe, mozaik plo\u010dice roze boje, \u0107e obogatiti svaki prostor. Veli\u010dina mre\u017ee sa mozaikom je 31,5&#215;31,5 cm, \u0161to omogu\u0107ava jednostavnu ugradnju. Vidrepur mosaico Pincel Cobre 50&#215;50 dolazi iz \u0160panije, koja je poznata [&hellip;]<\/p>\n","protected":false},"featured_media":88821,"template":"","meta":[],"product_cat":[400,999,410,9991712],"product_tag":[],"_links":{"self":[{"href":"https:\/\/www.keramika.com\/srbija\/wp-json\/wp\/v2\/product\/88820"}],"collection":[{"href":"https:\/\/www.keramika.com\/srbija\/wp-json\/wp\/v2\/product"}],"about":[{"href":"https:\/\/www.keramika.com\/srbija\/wp-json\/wp\/v2\/types\/product"}],"wp:featuredmedia":[{"embeddable":true,"href":"https:\/\/www.keramika.com\/srbija\/wp-json\/wp\/v2\/media\/88821"}],"wp:attachment":[{"href":"https:\/\/www.keramika.com\/srbija\/wp-json\/wp\/v2\/media?parent=88820"}],"wp:term":[{"taxonomy":"product_cat","embeddable":true,"href":"https:\/\/www.keramika.com\/srbija\/wp-json\/wp\/v2\/product_cat?post=88820"},{"taxonomy":"product_tag","embeddable":true,"href":"https:\/\/www.keramika.com\/srbija\/wp-json\/wp\/v2\/product_tag?post=88820"}],"curies":[{"name":"wp","href":"https:\/\/api.w.org\/{rel}","templated":true}]}}