{"id":88814,"date":"2017-07-01T17:06:16","date_gmt":"2017-07-01T17:06:16","guid":{"rendered":"http:\/\/www.ceramictiles.com\/srbija\/product\/vidrepur-mozaik-pincel-blanco-50x50\/"},"modified":"2025-12-31T00:02:37","modified_gmt":"2025-12-31T00:02:37","slug":"vidrepur-mozaik-pincel-blanco-50x50","status":"publish","type":"product","link":"https:\/\/www.keramika.com\/srbija\/vidrepur-mozaik-pincel-blanco-50x50\/","title":{"rendered":"Vidrepur mozaik Pincel Blanco 50&#215;50"},"content":{"rendered":"<p>U maloprodaji je cena 17968,75 RSD, online cena, pa je samo 14375 RSD. Ovaj mozaik je 4 mm, te je vrlo je izdr\u017eljiv. Ove mozaik plo\u010dice doleaze iz \u0160panije, koja je poznata po kvalitetnom mozaiku. Veoma moderan mozaik, dominantne bele boje, oboga\u0107uje savki prostor. Mozaik plo\u010dice su na mre\u017ei, \u0161to olak\u0161ava njegovu instalaciju. Veli\u010dina mre\u017ee je 31,5&#215;31,5 cm.<\/p>\n<p>Kliknite na ime serije za sve plo\u010dice u toj seriji: <a class=\"pdfcatal\" href=\"\/\/www.ceramictiles.com\/pdf\/vidrepur\/catalogue_vidrepur_titanium.pdf\" onclick=\"recordOutboundLink(this, 'E-mail', 'Description PDF');return false;\">Vidrepur Titanium<\/a><\/p>\n<p>Da bi naru\u010dili model iz PDF kataloga ove serije, molimo vas, da nas kontaktirate na: <a href=\"mailto:zo_mi@ceramictiles.com\" onclick=\"recordOutboundLink(this, 'E-mail', 'Description mail');return false;\">zo_mi@ceramictiles.com<\/a> ili nas pozovite na: For exact offer, PLS send us quantity and product you need with delivery address..<\/p>\n<p>Technical description: <\/p>\n<p>Min. 1 box &#8211; Delivery 30 Euro\/box in EU<\/p>\n","protected":false},"excerpt":{"rendered":"<p>U maloprodaji je cena 17968,75 RSD, online cena, pa je samo 14375 RSD. Ovaj mozaik je 4 mm, te je vrlo je izdr\u017eljiv. Ove mozaik plo\u010dice doleaze iz \u0160panije, koja je poznata po kvalitetnom mozaiku. Veoma moderan mozaik, dominantne bele boje, oboga\u0107uje savki prostor. Mozaik plo\u010dice su na mre\u017ei, \u0161to olak\u0161ava njegovu instalaciju. Veli\u010dina mre\u017ee [&hellip;]<\/p>\n","protected":false},"featured_media":88815,"template":"","meta":[],"product_cat":[400,999,410,9991712],"product_tag":[],"_links":{"self":[{"href":"https:\/\/www.keramika.com\/srbija\/wp-json\/wp\/v2\/product\/88814"}],"collection":[{"href":"https:\/\/www.keramika.com\/srbija\/wp-json\/wp\/v2\/product"}],"about":[{"href":"https:\/\/www.keramika.com\/srbija\/wp-json\/wp\/v2\/types\/product"}],"wp:featuredmedia":[{"embeddable":true,"href":"https:\/\/www.keramika.com\/srbija\/wp-json\/wp\/v2\/media\/88815"}],"wp:attachment":[{"href":"https:\/\/www.keramika.com\/srbija\/wp-json\/wp\/v2\/media?parent=88814"}],"wp:term":[{"taxonomy":"product_cat","embeddable":true,"href":"https:\/\/www.keramika.com\/srbija\/wp-json\/wp\/v2\/product_cat?post=88814"},{"taxonomy":"product_tag","embeddable":true,"href":"https:\/\/www.keramika.com\/srbija\/wp-json\/wp\/v2\/product_tag?post=88814"}],"curies":[{"name":"wp","href":"https:\/\/api.w.org\/{rel}","templated":true}]}}