{"id":88808,"date":"2017-07-01T17:04:57","date_gmt":"2017-07-01T17:04:57","guid":{"rendered":"http:\/\/www.ceramictiles.com\/srbija\/product\/vidrepur-mozaik-persia-50x50\/"},"modified":"2025-12-31T00:02:37","modified_gmt":"2025-12-31T00:02:37","slug":"vidrepur-mozaik-persia-50x50","status":"publish","type":"product","link":"https:\/\/www.keramika.com\/srbija\/vidrepur-mozaik-persia-50x50\/","title":{"rendered":"Vidrepur mozaik Persia 50&#215;50"},"content":{"rendered":"<p>4 mm debljina \u0107e zadovoljiti i najzahtevnije kupce. 17968,75 RSD je redovna prodajna cena keramike, tu pa samo 14375 RSD. plo\u010dica proizvo\u0111a\u010da Vidrepur iz \u0160panije. Mozaik je pritvr\u0111en na mre\u017eu, \u0161to olak\u0161ava njegovu ugradnju. Veli\u010dina mre\u017ee je 31,5&#215;31,5 cm , te je pogodan je za razli\u010dite povr\u0161ine. Ove lepe, mozaik plo\u010dice crvene boje, \u0107e obogatiti svaki prostor.<\/p>\n<p>Kliknite na ime serije za sve plo\u010dice u toj seriji: <a class=\"pdfcatal\" href=\"\/\/www.ceramictiles.com\/pdf\/vidrepur\/catalogue_vidrepur_titanium.pdf\" onclick=\"recordOutboundLink(this, 'E-mail', 'Description PDF');return false;\">Vidrepur Titanium<\/a><\/p>\n<p>Da bi naru\u010dili model iz PDF kataloga ove serije, molimo vas, da nas kontaktirate na: <a href=\"mailto:zo_mi@ceramictiles.com\" onclick=\"recordOutboundLink(this, 'E-mail', 'Description mail');return false;\">zo_mi@ceramictiles.com<\/a> ili nas pozovite na: For exact offer, PLS send us quantity and product you need with delivery address..<\/p>\n<p>Technical description: <\/p>\n<p>Min. 1 box &#8211; Delivery 30 Euro\/box in EU<\/p>\n","protected":false},"excerpt":{"rendered":"<p>4 mm debljina \u0107e zadovoljiti i najzahtevnije kupce. 17968,75 RSD je redovna prodajna cena keramike, tu pa samo 14375 RSD. plo\u010dica proizvo\u0111a\u010da Vidrepur iz \u0160panije. Mozaik je pritvr\u0111en na mre\u017eu, \u0161to olak\u0161ava njegovu ugradnju. Veli\u010dina mre\u017ee je 31,5&#215;31,5 cm , te je pogodan je za razli\u010dite povr\u0161ine. Ove lepe, mozaik plo\u010dice crvene boje, \u0107e obogatiti [&hellip;]<\/p>\n","protected":false},"featured_media":88809,"template":"","meta":[],"product_cat":[400,999,410,9991712],"product_tag":[],"_links":{"self":[{"href":"https:\/\/www.keramika.com\/srbija\/wp-json\/wp\/v2\/product\/88808"}],"collection":[{"href":"https:\/\/www.keramika.com\/srbija\/wp-json\/wp\/v2\/product"}],"about":[{"href":"https:\/\/www.keramika.com\/srbija\/wp-json\/wp\/v2\/types\/product"}],"wp:featuredmedia":[{"embeddable":true,"href":"https:\/\/www.keramika.com\/srbija\/wp-json\/wp\/v2\/media\/88809"}],"wp:attachment":[{"href":"https:\/\/www.keramika.com\/srbija\/wp-json\/wp\/v2\/media?parent=88808"}],"wp:term":[{"taxonomy":"product_cat","embeddable":true,"href":"https:\/\/www.keramika.com\/srbija\/wp-json\/wp\/v2\/product_cat?post=88808"},{"taxonomy":"product_tag","embeddable":true,"href":"https:\/\/www.keramika.com\/srbija\/wp-json\/wp\/v2\/product_tag?post=88808"}],"curies":[{"name":"wp","href":"https:\/\/api.w.org\/{rel}","templated":true}]}}