{"id":88756,"date":"2017-07-01T16:53:57","date_gmt":"2017-07-01T16:53:57","guid":{"rendered":"http:\/\/www.ceramictiles.com\/srbija\/product\/vidrepur-mozaik-persia-12x25\/"},"modified":"2025-12-31T00:02:31","modified_gmt":"2025-12-31T00:02:31","slug":"vidrepur-mozaik-persia-12x25","status":"publish","type":"product","link":"https:\/\/www.keramika.com\/srbija\/vidrepur-mozaik-persia-12x25\/","title":{"rendered":"Vidrepur mozaik Persia 12&#215;25"},"content":{"rendered":"<p>Ove mozaik plo\u010dice doleaze iz \u0160panije, koja je poznata po kvalitetnom mozaiku. Prilikom izbora mozaika u glavnom crvene boji ne\u0107ete pogre\u0161iti \u0160irina i du\u017eina mre\u017ee na koju je pritvr\u0111en mozaik je 31,5&#215;31,5 cm. Mre\u017ea se jednostavno mo\u017eete polo\u017eiti na razli\u010dite povr\u0161ine. Vidrepur mosaico Persia 12&#215;25 je dostupna po vrlo povoljnim cenama 25426,5 RSD. Debljina plo\u010dice je vrlo va\u017ena, 4 mm &#8211; mozaik spada me\u0111u najkvalitetnije.<\/p>\n<p>Kliknite na ime serije za sve plo\u010dice u toj seriji: <a class=\"pdfcatal\" href=\"\/\/www.ceramictiles.com\/pdf\/vidrepur\/catalogue_vidrepur_titanium.pdf\" onclick=\"recordOutboundLink(this, 'E-mail', 'Description PDF');return false;\">Vidrepur Titanium<\/a><\/p>\n<p>Da bi naru\u010dili model iz PDF kataloga ove serije, molimo vas, da nas kontaktirate na: <a href=\"mailto:zo_mi@ceramictiles.com\" onclick=\"recordOutboundLink(this, 'E-mail', 'Description mail');return false;\">zo_mi@ceramictiles.com<\/a> ili nas pozovite na: For exact offer, PLS send us quantity and product you need with delivery address..<\/p>\n<p>Technical description: <\/p>\n<p>Min. 1 box &#8211; Delivery 30 Euro\/box in EU<\/p>\n","protected":false},"excerpt":{"rendered":"<p>Ove mozaik plo\u010dice doleaze iz \u0160panije, koja je poznata po kvalitetnom mozaiku. Prilikom izbora mozaika u glavnom crvene boji ne\u0107ete pogre\u0161iti \u0160irina i du\u017eina mre\u017ee na koju je pritvr\u0111en mozaik je 31,5&#215;31,5 cm. Mre\u017ea se jednostavno mo\u017eete polo\u017eiti na razli\u010dite povr\u0161ine. Vidrepur mosaico Persia 12&#215;25 je dostupna po vrlo povoljnim cenama 25426,5 RSD. Debljina plo\u010dice [&hellip;]<\/p>\n","protected":false},"featured_media":88757,"template":"","meta":[],"product_cat":[400,999,410,9991712],"product_tag":[],"_links":{"self":[{"href":"https:\/\/www.keramika.com\/srbija\/wp-json\/wp\/v2\/product\/88756"}],"collection":[{"href":"https:\/\/www.keramika.com\/srbija\/wp-json\/wp\/v2\/product"}],"about":[{"href":"https:\/\/www.keramika.com\/srbija\/wp-json\/wp\/v2\/types\/product"}],"wp:featuredmedia":[{"embeddable":true,"href":"https:\/\/www.keramika.com\/srbija\/wp-json\/wp\/v2\/media\/88757"}],"wp:attachment":[{"href":"https:\/\/www.keramika.com\/srbija\/wp-json\/wp\/v2\/media?parent=88756"}],"wp:term":[{"taxonomy":"product_cat","embeddable":true,"href":"https:\/\/www.keramika.com\/srbija\/wp-json\/wp\/v2\/product_cat?post=88756"},{"taxonomy":"product_tag","embeddable":true,"href":"https:\/\/www.keramika.com\/srbija\/wp-json\/wp\/v2\/product_tag?post=88756"}],"curies":[{"name":"wp","href":"https:\/\/api.w.org\/{rel}","templated":true}]}}