{"id":88746,"date":"2017-07-01T16:51:42","date_gmt":"2017-07-01T16:51:42","guid":{"rendered":"http:\/\/www.ceramictiles.com\/srbija\/product\/vidrepur-mozaik-pincel-verde-12x12\/"},"modified":"2025-12-31T00:02:29","modified_gmt":"2025-12-31T00:02:29","slug":"vidrepur-mozaik-pincel-verde-12x12","status":"publish","type":"product","link":"https:\/\/www.keramika.com\/srbija\/vidrepur-mozaik-pincel-verde-12x12\/","title":{"rendered":"Vidrepur mozaik Pincel Verde 12&#215;12"},"content":{"rendered":"<p>U maloprodaji je cena 34866,85 RSD, online cena, pa je samo 27893,25 RSD. Vidrepur mosaico Pincel Verde 12&#215;12 dolazi iz \u0160panije, koja je poznata po vrlo visokoj kvaliteta keramike u svetu. Plo\u010dice zelene boje osvje\u017eit \u0107e svaki prostor. Debljina plo\u010dice je vrlo va\u017ena, 4 mm &#8211; mozaik spada me\u0111u najkvalitetnije. Mozaik plo\u010dice su na mre\u017ei, \u0161to olak\u0161ava njegovu instalaciju. Veli\u010dina mre\u017ee je 30,3&#215;30,3 cm.<\/p>\n<p>Kliknite na ime serije za sve plo\u010dice u toj seriji: <a class=\"pdfcatal\" href=\"\/\/www.ceramictiles.com\/pdf\/vidrepur\/catalogue_vidrepur_titanium.pdf\" onclick=\"recordOutboundLink(this, 'E-mail', 'Description PDF');return false;\">Vidrepur Titanium<\/a><\/p>\n<p>Da bi naru\u010dili model iz PDF kataloga ove serije, molimo vas, da nas kontaktirate na: <a href=\"mailto:zo_mi@ceramictiles.com\" onclick=\"recordOutboundLink(this, 'E-mail', 'Description mail');return false;\">zo_mi@ceramictiles.com<\/a> ili nas pozovite na: For exact offer, PLS send us quantity and product you need with delivery address..<\/p>\n<p>Technical description: <\/p>\n<p>Min. 1 box &#8211; Delivery 30 Euro\/box in EU<\/p>\n","protected":false},"excerpt":{"rendered":"<p>U maloprodaji je cena 34866,85 RSD, online cena, pa je samo 27893,25 RSD. Vidrepur mosaico Pincel Verde 12&#215;12 dolazi iz \u0160panije, koja je poznata po vrlo visokoj kvaliteta keramike u svetu. Plo\u010dice zelene boje osvje\u017eit \u0107e svaki prostor. Debljina plo\u010dice je vrlo va\u017ena, 4 mm &#8211; mozaik spada me\u0111u najkvalitetnije. Mozaik plo\u010dice su na mre\u017ei, [&hellip;]<\/p>\n","protected":false},"featured_media":88747,"template":"","meta":[],"product_cat":[400,999,410,9991712],"product_tag":[],"_links":{"self":[{"href":"https:\/\/www.keramika.com\/srbija\/wp-json\/wp\/v2\/product\/88746"}],"collection":[{"href":"https:\/\/www.keramika.com\/srbija\/wp-json\/wp\/v2\/product"}],"about":[{"href":"https:\/\/www.keramika.com\/srbija\/wp-json\/wp\/v2\/types\/product"}],"wp:featuredmedia":[{"embeddable":true,"href":"https:\/\/www.keramika.com\/srbija\/wp-json\/wp\/v2\/media\/88747"}],"wp:attachment":[{"href":"https:\/\/www.keramika.com\/srbija\/wp-json\/wp\/v2\/media?parent=88746"}],"wp:term":[{"taxonomy":"product_cat","embeddable":true,"href":"https:\/\/www.keramika.com\/srbija\/wp-json\/wp\/v2\/product_cat?post=88746"},{"taxonomy":"product_tag","embeddable":true,"href":"https:\/\/www.keramika.com\/srbija\/wp-json\/wp\/v2\/product_tag?post=88746"}],"curies":[{"name":"wp","href":"https:\/\/api.w.org\/{rel}","templated":true}]}}