{"id":88736,"date":"2017-07-01T16:49:28","date_gmt":"2017-07-01T16:49:28","guid":{"rendered":"http:\/\/www.ceramictiles.com\/srbija\/product\/vidrepur-mozaik-pincel-celeste-turquesa-12x12\/"},"modified":"2025-12-31T00:02:28","modified_gmt":"2025-12-31T00:02:28","slug":"vidrepur-mozaik-pincel-celeste-turquesa-12x12","status":"publish","type":"product","link":"https:\/\/www.keramika.com\/srbija\/vidrepur-mozaik-pincel-celeste-turquesa-12x12\/","title":{"rendered":"Vidrepur mozaik Pincel Celeste-Turquesa 12&#215;12"},"content":{"rendered":"<p>Redovna cena tog mozaika u maloprodaji je 34866,85 RSD, a u na\u0161oj online trgovini, ga mo\u017eete dobiti za 27893,25 RSD. Veoma moderan mozaik, dominantne plave boje, oboga\u0107uje savki prostor. Mozaik je iz \u0160panije , koja je poznata u svetu kao jedan od najboljih proizvo\u0111a\u010da mozaik plo\u010dica. 4 mm debljina \u0107e zadovoljiti i najzahtevnije kupce. Dimenzije mre\u017ee na koju je pritvr\u0111en mozaik je 30,3&#215;30,3 cm. Mre\u017ea omogu\u0107ava jednostavnu instalaciju.<\/p>\n<p>Kliknite na ime serije za sve plo\u010dice u toj seriji: <a class=\"pdfcatal\" href=\"\/\/www.ceramictiles.com\/pdf\/vidrepur\/catalogue_vidrepur_titanium.pdf\" onclick=\"recordOutboundLink(this, 'E-mail', 'Description PDF');return false;\">Vidrepur Titanium<\/a><\/p>\n<p>Da bi naru\u010dili model iz PDF kataloga ove serije, molimo vas, da nas kontaktirate na: <a href=\"mailto:zo_mi@ceramictiles.com\" onclick=\"recordOutboundLink(this, 'E-mail', 'Description mail');return false;\">zo_mi@ceramictiles.com<\/a> ili nas pozovite na: For exact offer, PLS send us quantity and product you need with delivery address..<\/p>\n<p>Technical description: <\/p>\n<p>Min. 1 box &#8211; Delivery 30 Euro\/box in EU<\/p>\n","protected":false},"excerpt":{"rendered":"<p>Redovna cena tog mozaika u maloprodaji je 34866,85 RSD, a u na\u0161oj online trgovini, ga mo\u017eete dobiti za 27893,25 RSD. Veoma moderan mozaik, dominantne plave boje, oboga\u0107uje savki prostor. Mozaik je iz \u0160panije , koja je poznata u svetu kao jedan od najboljih proizvo\u0111a\u010da mozaik plo\u010dica. 4 mm debljina \u0107e zadovoljiti i najzahtevnije kupce. Dimenzije [&hellip;]<\/p>\n","protected":false},"featured_media":88737,"template":"","meta":[],"product_cat":[400,999,410,9991712],"product_tag":[],"_links":{"self":[{"href":"https:\/\/www.keramika.com\/srbija\/wp-json\/wp\/v2\/product\/88736"}],"collection":[{"href":"https:\/\/www.keramika.com\/srbija\/wp-json\/wp\/v2\/product"}],"about":[{"href":"https:\/\/www.keramika.com\/srbija\/wp-json\/wp\/v2\/types\/product"}],"wp:featuredmedia":[{"embeddable":true,"href":"https:\/\/www.keramika.com\/srbija\/wp-json\/wp\/v2\/media\/88737"}],"wp:attachment":[{"href":"https:\/\/www.keramika.com\/srbija\/wp-json\/wp\/v2\/media?parent=88736"}],"wp:term":[{"taxonomy":"product_cat","embeddable":true,"href":"https:\/\/www.keramika.com\/srbija\/wp-json\/wp\/v2\/product_cat?post=88736"},{"taxonomy":"product_tag","embeddable":true,"href":"https:\/\/www.keramika.com\/srbija\/wp-json\/wp\/v2\/product_tag?post=88736"}],"curies":[{"name":"wp","href":"https:\/\/api.w.org\/{rel}","templated":true}]}}