{"id":88734,"date":"2017-07-01T16:48:58","date_gmt":"2017-07-01T16:48:58","guid":{"rendered":"http:\/\/www.ceramictiles.com\/srbija\/product\/vidrepur-mozaik-pincel-turquesa-12x12\/"},"modified":"2025-12-31T00:02:28","modified_gmt":"2025-12-31T00:02:28","slug":"vidrepur-mozaik-pincel-turquesa-12x12","status":"publish","type":"product","link":"https:\/\/www.keramika.com\/srbija\/vidrepur-mozaik-pincel-turquesa-12x12\/","title":{"rendered":"Vidrepur mozaik Pincel Turquesa 12&#215;12"},"content":{"rendered":"<p>4 mm debljina \u0107e zadovoljiti i najzahtevnije kupce. Mozaik plo\u010dice su na mre\u017ei, \u0161to olak\u0161ava njegovu instalaciju. Veli\u010dina mre\u017ee je 30,3&#215;30,3 cm. Vidrepur mosaico Pincel Turquesa 12&#215;12 je proizvod iz \u0160panije te je izuzetno kvalitetna. Naj vi\u0161e se prodaju plave mozik plo\u010dice. Namjesto 32876,2 RSD \u0161to je cena u maloprodaji, Vi pla\u0107ate samo 26300,5 RSD.<\/p>\n<p>Kliknite na ime serije za sve plo\u010dice u toj seriji: <a class=\"pdfcatal\" href=\"\/\/www.ceramictiles.com\/pdf\/vidrepur\/catalogue_vidrepur_titanium.pdf\" onclick=\"recordOutboundLink(this, 'E-mail', 'Description PDF');return false;\">Vidrepur Titanium<\/a><\/p>\n<p>Da bi naru\u010dili model iz PDF kataloga ove serije, molimo vas, da nas kontaktirate na: <a href=\"mailto:zo_mi@ceramictiles.com\" onclick=\"recordOutboundLink(this, 'E-mail', 'Description mail');return false;\">zo_mi@ceramictiles.com<\/a> ili nas pozovite na: For exact offer, PLS send us quantity and product you need with delivery address..<\/p>\n<p>Technical description: <\/p>\n<p>Min. 1 box &#8211; Delivery 30 Euro\/box in EU<\/p>\n","protected":false},"excerpt":{"rendered":"<p>4 mm debljina \u0107e zadovoljiti i najzahtevnije kupce. Mozaik plo\u010dice su na mre\u017ei, \u0161to olak\u0161ava njegovu instalaciju. Veli\u010dina mre\u017ee je 30,3&#215;30,3 cm. Vidrepur mosaico Pincel Turquesa 12&#215;12 je proizvod iz \u0160panije te je izuzetno kvalitetna. Naj vi\u0161e se prodaju plave mozik plo\u010dice. Namjesto 32876,2 RSD \u0161to je cena u maloprodaji, Vi pla\u0107ate samo 26300,5 RSD. [&hellip;]<\/p>\n","protected":false},"featured_media":88735,"template":"","meta":[],"product_cat":[400,999,410,9991712],"product_tag":[],"_links":{"self":[{"href":"https:\/\/www.keramika.com\/srbija\/wp-json\/wp\/v2\/product\/88734"}],"collection":[{"href":"https:\/\/www.keramika.com\/srbija\/wp-json\/wp\/v2\/product"}],"about":[{"href":"https:\/\/www.keramika.com\/srbija\/wp-json\/wp\/v2\/types\/product"}],"wp:featuredmedia":[{"embeddable":true,"href":"https:\/\/www.keramika.com\/srbija\/wp-json\/wp\/v2\/media\/88735"}],"wp:attachment":[{"href":"https:\/\/www.keramika.com\/srbija\/wp-json\/wp\/v2\/media?parent=88734"}],"wp:term":[{"taxonomy":"product_cat","embeddable":true,"href":"https:\/\/www.keramika.com\/srbija\/wp-json\/wp\/v2\/product_cat?post=88734"},{"taxonomy":"product_tag","embeddable":true,"href":"https:\/\/www.keramika.com\/srbija\/wp-json\/wp\/v2\/product_tag?post=88734"}],"curies":[{"name":"wp","href":"https:\/\/api.w.org\/{rel}","templated":true}]}}