{"id":88656,"date":"2017-07-01T16:31:33","date_gmt":"2017-07-01T16:31:33","guid":{"rendered":"http:\/\/www.ceramictiles.com\/srbija\/product\/vidrepur-mozaik-mezcla-950951952-25x25\/"},"modified":"2025-12-31T00:02:18","modified_gmt":"2025-12-31T00:02:18","slug":"vidrepur-mozaik-mezcla-950951952-25x25","status":"publish","type":"product","link":"https:\/\/www.keramika.com\/srbija\/vidrepur-mozaik-mezcla-950951952-25x25\/","title":{"rendered":"Vidrepur mozaik Mezcla 950\/951\/952 25&#215;25"},"content":{"rendered":"<p>Naj vi\u0161e se prodaju bele mozik plo\u010dice. plo\u010dica proizvo\u0111a\u010da Vidrepur iz \u0160panije. Zaradi ni\u017eih tro\u0161kova kod internetne prodaje, \u0107e te na na\u0161oj strani za taj mozaik platiti 12937,5 RSD. Mozaik plo\u010dice su na mre\u017ei, \u0161to olak\u0161ava njegovu instalaciju. Veli\u010dina mre\u017ee je 31,5&#215;31,5 cm. 4 mm debljina \u0107e zadovoljiti i najzahtevnije kupce.<\/p>\n<p>Kliknite na ime serije za sve plo\u010dice u toj seriji: <a class=\"pdfcatal\" href=\"\/\/www.ceramictiles.com\/pdf\/vidrepur\/catalogue_vidrepur_arts.pdf\" onclick=\"recordOutboundLink(this, 'E-mail', 'Description PDF');return false;\">Vidrepur Arts<\/a><\/p>\n<p>Da bi naru\u010dili model iz PDF kataloga ove serije, molimo vas, da nas kontaktirate na: <a href=\"mailto:zo_mi@ceramictiles.com\" onclick=\"recordOutboundLink(this, 'E-mail', 'Description mail');return false;\">zo_mi@ceramictiles.com<\/a> ili nas pozovite na: For exact offer, PLS send us quantity and product you need with delivery address..<\/p>\n<p>Technical description: <\/p>\n<p>Min. 1 box &#8211; Delivery 30 Euro\/box in EU<\/p>\n","protected":false},"excerpt":{"rendered":"<p>Naj vi\u0161e se prodaju bele mozik plo\u010dice. plo\u010dica proizvo\u0111a\u010da Vidrepur iz \u0160panije. Zaradi ni\u017eih tro\u0161kova kod internetne prodaje, \u0107e te na na\u0161oj strani za taj mozaik platiti 12937,5 RSD. Mozaik plo\u010dice su na mre\u017ei, \u0161to olak\u0161ava njegovu instalaciju. Veli\u010dina mre\u017ee je 31,5&#215;31,5 cm. 4 mm debljina \u0107e zadovoljiti i najzahtevnije kupce. Kliknite na ime serije [&hellip;]<\/p>\n","protected":false},"featured_media":88657,"template":"","meta":[],"product_cat":[400,999,410,9991712],"product_tag":[],"_links":{"self":[{"href":"https:\/\/www.keramika.com\/srbija\/wp-json\/wp\/v2\/product\/88656"}],"collection":[{"href":"https:\/\/www.keramika.com\/srbija\/wp-json\/wp\/v2\/product"}],"about":[{"href":"https:\/\/www.keramika.com\/srbija\/wp-json\/wp\/v2\/types\/product"}],"wp:featuredmedia":[{"embeddable":true,"href":"https:\/\/www.keramika.com\/srbija\/wp-json\/wp\/v2\/media\/88657"}],"wp:attachment":[{"href":"https:\/\/www.keramika.com\/srbija\/wp-json\/wp\/v2\/media?parent=88656"}],"wp:term":[{"taxonomy":"product_cat","embeddable":true,"href":"https:\/\/www.keramika.com\/srbija\/wp-json\/wp\/v2\/product_cat?post=88656"},{"taxonomy":"product_tag","embeddable":true,"href":"https:\/\/www.keramika.com\/srbija\/wp-json\/wp\/v2\/product_tag?post=88656"}],"curies":[{"name":"wp","href":"https:\/\/api.w.org\/{rel}","templated":true}]}}