{"id":88606,"date":"2017-07-01T16:22:32","date_gmt":"2017-07-01T16:22:32","guid":{"rendered":"http:\/\/www.ceramictiles.com\/srbija\/product\/vidrepur-mozaik-moka-oscuro-mate-12x12\/"},"modified":"2025-12-31T00:02:12","modified_gmt":"2025-12-31T00:02:12","slug":"vidrepur-mozaik-moka-oscuro-mate-12x12","status":"publish","type":"product","link":"https:\/\/www.keramika.com\/srbija\/vidrepur-mozaik-moka-oscuro-mate-12x12\/","title":{"rendered":"Vidrepur mozaik Moka Oscuro Mate 12&#215;12"},"content":{"rendered":"<p>Redovna cena tog mozaika u maloprodaji je 24401,85 RSD, a u na\u0161oj online trgovini, ga mo\u017eete dobiti za 19521,25 RSD. \u0160irina i du\u017eina mre\u017ee na koju je pritvr\u0111en mozaik je 30,3&#215;30,3 cm. Mre\u017ea se jednostavno mo\u017eete polo\u017eiti na razli\u010dite povr\u0161ine. Vidrepur mosaico Moka Oscuro Mate 12&#215;12 je proizvod iz \u0160panije te je izuzetno kvalitetna. Debljina plo\u010dice je vrlo va\u017ena, 4 mm &#8211; mozaik spada me\u0111u najkvalitetnije. Plo\u010dice sive boje osvje\u017eit \u0107e svaki prostor.<\/p>\n<p>Kliknite na ime serije za sve plo\u010dice u toj seriji: <a class=\"pdfcatal\" href=\"\/\/www.ceramictiles.com\/pdf\/vidrepur\/catalogue_vidrepur_essentials_basic.pdf\" onclick=\"recordOutboundLink(this, 'E-mail', 'Description PDF');return false;\">Vidrepur Essentials Basic<\/a><\/p>\n<p>Da bi naru\u010dili model iz PDF kataloga ove serije, molimo vas, da nas kontaktirate na: <a href=\"mailto:zo_mi@ceramictiles.com\" onclick=\"recordOutboundLink(this, 'E-mail', 'Description mail');return false;\">zo_mi@ceramictiles.com<\/a> ili nas pozovite na: For exact offer, PLS send us quantity and product you need with delivery address..<\/p>\n<p>Technical description: <\/p>\n<p>Min. 1 box &#8211; Delivery 30 Euro\/box in EU<\/p>\n","protected":false},"excerpt":{"rendered":"<p>Redovna cena tog mozaika u maloprodaji je 24401,85 RSD, a u na\u0161oj online trgovini, ga mo\u017eete dobiti za 19521,25 RSD. \u0160irina i du\u017eina mre\u017ee na koju je pritvr\u0111en mozaik je 30,3&#215;30,3 cm. Mre\u017ea se jednostavno mo\u017eete polo\u017eiti na razli\u010dite povr\u0161ine. Vidrepur mosaico Moka Oscuro Mate 12&#215;12 je proizvod iz \u0160panije te je izuzetno kvalitetna. Debljina [&hellip;]<\/p>\n","protected":false},"featured_media":88607,"template":"","meta":[],"product_cat":[400,999,410,9991712],"product_tag":[],"_links":{"self":[{"href":"https:\/\/www.keramika.com\/srbija\/wp-json\/wp\/v2\/product\/88606"}],"collection":[{"href":"https:\/\/www.keramika.com\/srbija\/wp-json\/wp\/v2\/product"}],"about":[{"href":"https:\/\/www.keramika.com\/srbija\/wp-json\/wp\/v2\/types\/product"}],"wp:featuredmedia":[{"embeddable":true,"href":"https:\/\/www.keramika.com\/srbija\/wp-json\/wp\/v2\/media\/88607"}],"wp:attachment":[{"href":"https:\/\/www.keramika.com\/srbija\/wp-json\/wp\/v2\/media?parent=88606"}],"wp:term":[{"taxonomy":"product_cat","embeddable":true,"href":"https:\/\/www.keramika.com\/srbija\/wp-json\/wp\/v2\/product_cat?post=88606"},{"taxonomy":"product_tag","embeddable":true,"href":"https:\/\/www.keramika.com\/srbija\/wp-json\/wp\/v2\/product_tag?post=88606"}],"curies":[{"name":"wp","href":"https:\/\/api.w.org\/{rel}","templated":true}]}}