{"id":88602,"date":"2017-07-01T16:21:51","date_gmt":"2017-07-01T16:21:51","guid":{"rendered":"http:\/\/www.ceramictiles.com\/srbija\/product\/vidrepur-mozaik-blanco-roto-mate-12x12\/"},"modified":"2025-12-31T00:02:11","modified_gmt":"2025-12-31T00:02:11","slug":"vidrepur-mozaik-blanco-roto-mate-12x12","status":"publish","type":"product","link":"https:\/\/www.keramika.com\/srbija\/vidrepur-mozaik-blanco-roto-mate-12x12\/","title":{"rendered":"Vidrepur mozaik Blanco Roto Mate 12&#215;12"},"content":{"rendered":"<p>U maloprodaji je cena 24401,85 RSD, online cena, pa je samo 19521,25 RSD. Vidrepur mosaico Blanco Roto Mate 12&#215;12 je proizvod iz \u0160panije te je izuzetno kvalitetna. Ove lepe, mozaik plo\u010dice bele boje, \u0107e obogatiti svaki prostor. 4 mm debljina \u0107e zadovoljiti i najzahtevnije kupce. Veli\u010dina 30,3&#215;30,3 cm mre\u017ee, na koju su pritvr\u0111ene mozaik plo\u010dice, je odli\u010dna za pokrivanje povr\u0161ine.<\/p>\n<p>Kliknite na ime serije za sve plo\u010dice u toj seriji: <a class=\"pdfcatal\" href=\"\/\/www.ceramictiles.com\/pdf\/vidrepur\/catalogue_vidrepur_essentials_basic.pdf\" onclick=\"recordOutboundLink(this, 'E-mail', 'Description PDF');return false;\">Vidrepur Essentials Basic<\/a><\/p>\n<p>Da bi naru\u010dili model iz PDF kataloga ove serije, molimo vas, da nas kontaktirate na: <a href=\"mailto:zo_mi@ceramictiles.com\" onclick=\"recordOutboundLink(this, 'E-mail', 'Description mail');return false;\">zo_mi@ceramictiles.com<\/a> ili nas pozovite na: For exact offer, PLS send us quantity and product you need with delivery address..<\/p>\n<p>Technical description: <\/p>\n<p>Min. 1 box &#8211; Delivery 30 Euro\/box in EU<\/p>\n","protected":false},"excerpt":{"rendered":"<p>U maloprodaji je cena 24401,85 RSD, online cena, pa je samo 19521,25 RSD. Vidrepur mosaico Blanco Roto Mate 12&#215;12 je proizvod iz \u0160panije te je izuzetno kvalitetna. Ove lepe, mozaik plo\u010dice bele boje, \u0107e obogatiti svaki prostor. 4 mm debljina \u0107e zadovoljiti i najzahtevnije kupce. Veli\u010dina 30,3&#215;30,3 cm mre\u017ee, na koju su pritvr\u0111ene mozaik plo\u010dice, [&hellip;]<\/p>\n","protected":false},"featured_media":88603,"template":"","meta":[],"product_cat":[400,999,410,9991712],"product_tag":[],"_links":{"self":[{"href":"https:\/\/www.keramika.com\/srbija\/wp-json\/wp\/v2\/product\/88602"}],"collection":[{"href":"https:\/\/www.keramika.com\/srbija\/wp-json\/wp\/v2\/product"}],"about":[{"href":"https:\/\/www.keramika.com\/srbija\/wp-json\/wp\/v2\/types\/product"}],"wp:featuredmedia":[{"embeddable":true,"href":"https:\/\/www.keramika.com\/srbija\/wp-json\/wp\/v2\/media\/88603"}],"wp:attachment":[{"href":"https:\/\/www.keramika.com\/srbija\/wp-json\/wp\/v2\/media?parent=88602"}],"wp:term":[{"taxonomy":"product_cat","embeddable":true,"href":"https:\/\/www.keramika.com\/srbija\/wp-json\/wp\/v2\/product_cat?post=88602"},{"taxonomy":"product_tag","embeddable":true,"href":"https:\/\/www.keramika.com\/srbija\/wp-json\/wp\/v2\/product_tag?post=88602"}],"curies":[{"name":"wp","href":"https:\/\/api.w.org\/{rel}","templated":true}]}}