{"id":88580,"date":"2017-07-01T16:18:09","date_gmt":"2017-07-01T16:18:09","guid":{"rendered":"http:\/\/www.ceramictiles.com\/srbija\/product\/vidrepur-mozaik-gris-oscuro-mate-25x25\/"},"modified":"2025-12-31T00:02:09","modified_gmt":"2025-12-31T00:02:09","slug":"vidrepur-mozaik-gris-oscuro-mate-25x25","status":"publish","type":"product","link":"https:\/\/www.keramika.com\/srbija\/vidrepur-mozaik-gris-oscuro-mate-25x25\/","title":{"rendered":"Vidrepur mozaik Gris Oscuro Mate 25&#215;25"},"content":{"rendered":"<p>Zaradi ni\u017eih tro\u0161kova kod internetne prodaje, \u0107e te na na\u0161oj strani za taj mozaik platiti 5750 RSD. Debljina plo\u010dice je vrlo va\u017ena, 4 mm &#8211; mozaik spada me\u0111u najkvalitetnije. Vidrepur mosaico Gris Oscuro Mate 25&#215;25 je proizvod iz \u0160panije te je izuzetno kvalitetna. Ove lepe, mozaik plo\u010dice sive boje, \u0107e obogatiti svaki prostor. Veli\u010dina mre\u017ee sa mozaikom je 31,5&#215;31,5 cm, \u0161to omogu\u0107ava jednostavnu ugradnju.<\/p>\n<p>Kliknite na ime serije za sve plo\u010dice u toj seriji: <a class=\"pdfcatal\" href=\"\/\/www.ceramictiles.com\/pdf\/vidrepur\/catalogue_vidrepur_essentials_basic.pdf\" onclick=\"recordOutboundLink(this, 'E-mail', 'Description PDF');return false;\">Vidrepur Essentials Basic<\/a><\/p>\n<p>Da bi naru\u010dili model iz PDF kataloga ove serije, molimo vas, da nas kontaktirate na: <a href=\"mailto:zo_mi@ceramictiles.com\" onclick=\"recordOutboundLink(this, 'E-mail', 'Description mail');return false;\">zo_mi@ceramictiles.com<\/a> ili nas pozovite na: For exact offer, PLS send us quantity and product you need with delivery address..<\/p>\n<p>Technical description: <\/p>\n<p>Min. 1 box &#8211; Delivery 30 Euro\/box in EU<\/p>\n","protected":false},"excerpt":{"rendered":"<p>Zaradi ni\u017eih tro\u0161kova kod internetne prodaje, \u0107e te na na\u0161oj strani za taj mozaik platiti 5750 RSD. Debljina plo\u010dice je vrlo va\u017ena, 4 mm &#8211; mozaik spada me\u0111u najkvalitetnije. Vidrepur mosaico Gris Oscuro Mate 25&#215;25 je proizvod iz \u0160panije te je izuzetno kvalitetna. Ove lepe, mozaik plo\u010dice sive boje, \u0107e obogatiti svaki prostor. Veli\u010dina mre\u017ee [&hellip;]<\/p>\n","protected":false},"featured_media":88581,"template":"","meta":[],"product_cat":[400,999,410,9991712],"product_tag":[],"_links":{"self":[{"href":"https:\/\/www.keramika.com\/srbija\/wp-json\/wp\/v2\/product\/88580"}],"collection":[{"href":"https:\/\/www.keramika.com\/srbija\/wp-json\/wp\/v2\/product"}],"about":[{"href":"https:\/\/www.keramika.com\/srbija\/wp-json\/wp\/v2\/types\/product"}],"wp:featuredmedia":[{"embeddable":true,"href":"https:\/\/www.keramika.com\/srbija\/wp-json\/wp\/v2\/media\/88581"}],"wp:attachment":[{"href":"https:\/\/www.keramika.com\/srbija\/wp-json\/wp\/v2\/media?parent=88580"}],"wp:term":[{"taxonomy":"product_cat","embeddable":true,"href":"https:\/\/www.keramika.com\/srbija\/wp-json\/wp\/v2\/product_cat?post=88580"},{"taxonomy":"product_tag","embeddable":true,"href":"https:\/\/www.keramika.com\/srbija\/wp-json\/wp\/v2\/product_tag?post=88580"}],"curies":[{"name":"wp","href":"https:\/\/api.w.org\/{rel}","templated":true}]}}