{"id":88570,"date":"2017-07-01T16:16:24","date_gmt":"2017-07-01T16:16:24","guid":{"rendered":"http:\/\/www.ceramictiles.com\/srbija\/product\/vidrepur-mozaik-antracita-12x12\/"},"modified":"2025-12-31T00:02:08","modified_gmt":"2025-12-31T00:02:08","slug":"vidrepur-mozaik-antracita-12x12","status":"publish","type":"product","link":"https:\/\/www.keramika.com\/srbija\/vidrepur-mozaik-antracita-12x12\/","title":{"rendered":"Vidrepur mozaik Antracita 12&#215;12"},"content":{"rendered":"<p>Veoma moderan mozaik, dominantne crne boje, oboga\u0107uje savki prostor. Namjesto 26953,7 RSD \u0161to je cena u maloprodaji, Vi pla\u0107ate samo 21562,5 RSD. 4 mm debljine je dovoljno za zahtevnije kupce. Mozaik je pritvr\u0111en na mre\u017eu, \u0161to olak\u0161ava njegovu ugradnju. Veli\u010dina mre\u017ee je 30,3&#215;30,3 cm , te je pogodan je za razli\u010dite povr\u0161ine. Mozaik je iz \u0160panije , koja je poznata u svetu kao jedan od najboljih proizvo\u0111a\u010da mozaik plo\u010dica.<\/p>\n<p>Kliknite na ime serije za sve plo\u010dice u toj seriji: <a class=\"pdfcatal\" href=\"\/\/www.ceramictiles.com\/pdf\/vidrepur\/catalogue_vidrepur_lux.pdf\" onclick=\"recordOutboundLink(this, 'E-mail', 'Description PDF');return false;\">Vidrepur Lux<\/a><\/p>\n<p>Da bi naru\u010dili model iz PDF kataloga ove serije, molimo vas, da nas kontaktirate na: <a href=\"mailto:zo_mi@ceramictiles.com\" onclick=\"recordOutboundLink(this, 'E-mail', 'Description mail');return false;\">zo_mi@ceramictiles.com<\/a> ili nas pozovite na: For exact offer, PLS send us quantity and product you need with delivery address..<\/p>\n<p>Technical description: <\/p>\n<p>Min. 1 box &#8211; Delivery 30 Euro\/box in EU<\/p>\n","protected":false},"excerpt":{"rendered":"<p>Veoma moderan mozaik, dominantne crne boje, oboga\u0107uje savki prostor. Namjesto 26953,7 RSD \u0161to je cena u maloprodaji, Vi pla\u0107ate samo 21562,5 RSD. 4 mm debljine je dovoljno za zahtevnije kupce. Mozaik je pritvr\u0111en na mre\u017eu, \u0161to olak\u0161ava njegovu ugradnju. Veli\u010dina mre\u017ee je 30,3&#215;30,3 cm , te je pogodan je za razli\u010dite povr\u0161ine. Mozaik je iz [&hellip;]<\/p>\n","protected":false},"featured_media":88571,"template":"","meta":[],"product_cat":[400,999,410,9991712],"product_tag":[],"_links":{"self":[{"href":"https:\/\/www.keramika.com\/srbija\/wp-json\/wp\/v2\/product\/88570"}],"collection":[{"href":"https:\/\/www.keramika.com\/srbija\/wp-json\/wp\/v2\/product"}],"about":[{"href":"https:\/\/www.keramika.com\/srbija\/wp-json\/wp\/v2\/types\/product"}],"wp:featuredmedia":[{"embeddable":true,"href":"https:\/\/www.keramika.com\/srbija\/wp-json\/wp\/v2\/media\/88571"}],"wp:attachment":[{"href":"https:\/\/www.keramika.com\/srbija\/wp-json\/wp\/v2\/media?parent=88570"}],"wp:term":[{"taxonomy":"product_cat","embeddable":true,"href":"https:\/\/www.keramika.com\/srbija\/wp-json\/wp\/v2\/product_cat?post=88570"},{"taxonomy":"product_tag","embeddable":true,"href":"https:\/\/www.keramika.com\/srbija\/wp-json\/wp\/v2\/product_tag?post=88570"}],"curies":[{"name":"wp","href":"https:\/\/api.w.org\/{rel}","templated":true}]}}