{"id":88532,"date":"2017-07-01T16:08:33","date_gmt":"2017-07-01T16:08:33","guid":{"rendered":"http:\/\/www.ceramictiles.com\/srbija\/product\/vidrepur-mozaik-rojo-25x50\/"},"modified":"2025-12-31T00:02:04","modified_gmt":"2025-12-31T00:02:04","slug":"vidrepur-mozaik-rojo-25x50","status":"publish","type":"product","link":"https:\/\/www.keramika.com\/srbija\/vidrepur-mozaik-rojo-25x50\/","title":{"rendered":"Vidrepur mozaik Rojo 25X50"},"content":{"rendered":"<p>Vidrepur mosaico Rojo 25X50 dolazi iz \u0160panije, koja je poznata po vrlo visokoj kvaliteta keramike u svetu. Mozaik plo\u010dice su na mre\u017ei, \u0161to olak\u0161ava njegovu instalaciju. Veli\u010dina mre\u017ee je 31,5&#215;31,5 cm. Debljina od 4 mm ovog mozaika ga \u010dini vrlo izdr\u017eljivim i prijatnim na dodir. Vidrepur mosaico Rojo 25X50 je dostupna po vrlo povoljnim cenama 15668,75 RSD. Ove lepe, mozaik plo\u010dice crvene boje, \u0107e obogatiti svaki prostor.<\/p>\n<p>Kliknite na ime serije za sve plo\u010dice u toj seriji: <a class=\"pdfcatal\" href=\"\/\/www.ceramictiles.com\/pdf\/vidrepur\/catalogue_vidrepur_moon.pdf\" onclick=\"recordOutboundLink(this, 'E-mail', 'Description PDF');return false;\">Vidrepur Moon<\/a><\/p>\n<p>Da bi naru\u010dili model iz PDF kataloga ove serije, molimo vas, da nas kontaktirate na: <a href=\"mailto:zo_mi@ceramictiles.com\" onclick=\"recordOutboundLink(this, 'E-mail', 'Description mail');return false;\">zo_mi@ceramictiles.com<\/a> ili nas pozovite na: For exact offer, PLS send us quantity and product you need with delivery address..<\/p>\n<p>Technical description: <\/p>\n<p>Min. 1 box &#8211; Delivery 30 Euro\/box in EU<\/p>\n","protected":false},"excerpt":{"rendered":"<p>Vidrepur mosaico Rojo 25X50 dolazi iz \u0160panije, koja je poznata po vrlo visokoj kvaliteta keramike u svetu. Mozaik plo\u010dice su na mre\u017ei, \u0161to olak\u0161ava njegovu instalaciju. Veli\u010dina mre\u017ee je 31,5&#215;31,5 cm. Debljina od 4 mm ovog mozaika ga \u010dini vrlo izdr\u017eljivim i prijatnim na dodir. Vidrepur mosaico Rojo 25X50 je dostupna po vrlo povoljnim cenama [&hellip;]<\/p>\n","protected":false},"featured_media":88533,"template":"","meta":[],"product_cat":[400,999,410,9991712],"product_tag":[],"_links":{"self":[{"href":"https:\/\/www.keramika.com\/srbija\/wp-json\/wp\/v2\/product\/88532"}],"collection":[{"href":"https:\/\/www.keramika.com\/srbija\/wp-json\/wp\/v2\/product"}],"about":[{"href":"https:\/\/www.keramika.com\/srbija\/wp-json\/wp\/v2\/types\/product"}],"wp:featuredmedia":[{"embeddable":true,"href":"https:\/\/www.keramika.com\/srbija\/wp-json\/wp\/v2\/media\/88533"}],"wp:attachment":[{"href":"https:\/\/www.keramika.com\/srbija\/wp-json\/wp\/v2\/media?parent=88532"}],"wp:term":[{"taxonomy":"product_cat","embeddable":true,"href":"https:\/\/www.keramika.com\/srbija\/wp-json\/wp\/v2\/product_cat?post=88532"},{"taxonomy":"product_tag","embeddable":true,"href":"https:\/\/www.keramika.com\/srbija\/wp-json\/wp\/v2\/product_tag?post=88532"}],"curies":[{"name":"wp","href":"https:\/\/api.w.org\/{rel}","templated":true}]}}