{"id":88516,"date":"2017-07-01T16:05:43","date_gmt":"2017-07-01T16:05:43","guid":{"rendered":"http:\/\/www.ceramictiles.com\/srbija\/product\/keramika-10x20-rojo\/"},"modified":"2025-12-31T00:02:02","modified_gmt":"2025-12-31T00:02:02","slug":"keramika-10x20-rojo","status":"publish","type":"product","link":"https:\/\/www.keramika.com\/srbija\/keramika-10x20-rojo\/","title":{"rendered":"Keramika 10&#215;20 rojo"},"content":{"rendered":"<p>Plo\u010dice crvene boje, su letos izuzetno tre\u017eene. Plo\u010dice dolaze iz \u0160panije, koja je poznata po kvalitetnoj keramiki. Plo\u010dica 10&#215;20 cm je dobra za ve\u0107 razli\u010ditih namena. Umesto 3437,5 RSD \u0161to je redovna maloprodajna cena keramike, u na\u0161oj online prodavnici, je mo\u017eete dobiti za samo 2750 RSD. Plo\u010dica je debela 9 mm, \u0161to je ubraja u tvrde plo\u010dice.<\/p>\n<p>Technical description: Product ID: Rojo<br \/><a class=\"pdfcatal\" href=\"\/\/www.keramika.com\/pdf\/e-ceramica\/catalogue_of_kitchen_tiles.pdf\"> Kitchen tiles catalogue  <\/a><\/p>\n","protected":false},"excerpt":{"rendered":"<p>Plo\u010dice crvene boje, su letos izuzetno tre\u017eene. Plo\u010dice dolaze iz \u0160panije, koja je poznata po kvalitetnoj keramiki. Plo\u010dica 10&#215;20 cm je dobra za ve\u0107 razli\u010ditih namena. Umesto 3437,5 RSD \u0161to je redovna maloprodajna cena keramike, u na\u0161oj online prodavnici, je mo\u017eete dobiti za samo 2750 RSD. Plo\u010dica je debela 9 mm, \u0161to je ubraja u [&hellip;]<\/p>\n","protected":false},"featured_media":88517,"template":"","meta":[],"product_cat":[999500882,210,99921414,999500881,200,230,999,99950082,250],"product_tag":[],"_links":{"self":[{"href":"https:\/\/www.keramika.com\/srbija\/wp-json\/wp\/v2\/product\/88516"}],"collection":[{"href":"https:\/\/www.keramika.com\/srbija\/wp-json\/wp\/v2\/product"}],"about":[{"href":"https:\/\/www.keramika.com\/srbija\/wp-json\/wp\/v2\/types\/product"}],"wp:featuredmedia":[{"embeddable":true,"href":"https:\/\/www.keramika.com\/srbija\/wp-json\/wp\/v2\/media\/88517"}],"wp:attachment":[{"href":"https:\/\/www.keramika.com\/srbija\/wp-json\/wp\/v2\/media?parent=88516"}],"wp:term":[{"taxonomy":"product_cat","embeddable":true,"href":"https:\/\/www.keramika.com\/srbija\/wp-json\/wp\/v2\/product_cat?post=88516"},{"taxonomy":"product_tag","embeddable":true,"href":"https:\/\/www.keramika.com\/srbija\/wp-json\/wp\/v2\/product_tag?post=88516"}],"curies":[{"name":"wp","href":"https:\/\/api.w.org\/{rel}","templated":true}]}}