{"id":88514,"date":"2017-07-01T16:05:30","date_gmt":"2017-07-01T16:05:30","guid":{"rendered":"http:\/\/www.ceramictiles.com\/srbija\/product\/keramika-10x20-negro\/"},"modified":"2025-12-31T00:02:02","modified_gmt":"2025-12-31T00:02:02","slug":"keramika-10x20-negro","status":"publish","type":"product","link":"https:\/\/www.keramika.com\/srbija\/keramika-10x20-negro\/","title":{"rendered":"Keramika 10&#215;20 negro"},"content":{"rendered":"<p>Proizvodnja \u0160panije ,koja je poznata u svetu, kao jedana od najboljih proizvo\u0111a\u010da kerami\u010dkih plo\u010dica. Keramika je prekrasne crne boje. U koliko \u017eelite neku drugu boju, pozovite nas i mi \u0107emo proveriti kod proizvo\u0111a\u010da. 9 mm debljina \u0107e zadovoljiti i najzahtevnije kupce. 2812,5 RSD je redovna prodajna cena keramike, tu pa samo 2250 RSD. Plo\u010dica 10&#215;20 cm je dobra za ve\u0107 razli\u010ditih namena.<\/p>\n<p>Technical description: Product ID: Negro<br \/><a class=\"pdfcatal\" href=\"\/\/www.keramika.com\/pdf\/e-ceramica\/catalogue_of_kitchen_tiles.pdf\"> Kitchen tiles catalogue  <\/a><\/p>\n","protected":false},"excerpt":{"rendered":"<p>Proizvodnja \u0160panije ,koja je poznata u svetu, kao jedana od najboljih proizvo\u0111a\u010da kerami\u010dkih plo\u010dica. Keramika je prekrasne crne boje. U koliko \u017eelite neku drugu boju, pozovite nas i mi \u0107emo proveriti kod proizvo\u0111a\u010da. 9 mm debljina \u0107e zadovoljiti i najzahtevnije kupce. 2812,5 RSD je redovna prodajna cena keramike, tu pa samo 2250 RSD. Plo\u010dica 10&#215;20 [&hellip;]<\/p>\n","protected":false},"featured_media":88515,"template":"","meta":[],"product_cat":[210,99921414,200,230,999,250],"product_tag":[],"_links":{"self":[{"href":"https:\/\/www.keramika.com\/srbija\/wp-json\/wp\/v2\/product\/88514"}],"collection":[{"href":"https:\/\/www.keramika.com\/srbija\/wp-json\/wp\/v2\/product"}],"about":[{"href":"https:\/\/www.keramika.com\/srbija\/wp-json\/wp\/v2\/types\/product"}],"wp:featuredmedia":[{"embeddable":true,"href":"https:\/\/www.keramika.com\/srbija\/wp-json\/wp\/v2\/media\/88515"}],"wp:attachment":[{"href":"https:\/\/www.keramika.com\/srbija\/wp-json\/wp\/v2\/media?parent=88514"}],"wp:term":[{"taxonomy":"product_cat","embeddable":true,"href":"https:\/\/www.keramika.com\/srbija\/wp-json\/wp\/v2\/product_cat?post=88514"},{"taxonomy":"product_tag","embeddable":true,"href":"https:\/\/www.keramika.com\/srbija\/wp-json\/wp\/v2\/product_tag?post=88514"}],"curies":[{"name":"wp","href":"https:\/\/api.w.org\/{rel}","templated":true}]}}