{"id":88512,"date":"2017-07-01T16:05:17","date_gmt":"2017-07-01T16:05:17","guid":{"rendered":"http:\/\/www.ceramictiles.com\/srbija\/product\/keramika-10x20-marfil\/"},"modified":"2025-12-31T00:02:02","modified_gmt":"2025-12-31T00:02:02","slug":"keramika-10x20-marfil","status":"publish","type":"product","link":"https:\/\/www.keramika.com\/srbija\/keramika-10x20-marfil\/","title":{"rendered":"Keramika 10&#215;20 marfil"},"content":{"rendered":"<p>Ta kolekcija, model plo\u010dice, se prodaje najvi\u0161e be\u017e boje. 9 mm debljina \u0107e zadovoljiti i najzahtevnije kupce. Umesto 2656,25 RSD \u0161to je redovna maloprodajna cena keramike, u na\u0161oj online prodavnici, je mo\u017eete dobiti za samo 2125 RSD. plo\u010dica proizvo\u0111a\u010da e-Ceramica iz \u0160panije. Plo\u010dica 10&#215;20 cm je dobra za ve\u0107 razli\u010ditih namena.<\/p>\n<p>Technical description: Product ID: Marfil<br \/><a class=\"pdfcatal\" href=\"\/\/www.keramika.com\/pdf\/e-ceramica\/catalogue_of_kitchen_tiles.pdf\"> Kitchen tiles catalogue  <\/a><\/p>\n","protected":false},"excerpt":{"rendered":"<p>Ta kolekcija, model plo\u010dice, se prodaje najvi\u0161e be\u017e boje. 9 mm debljina \u0107e zadovoljiti i najzahtevnije kupce. Umesto 2656,25 RSD \u0161to je redovna maloprodajna cena keramike, u na\u0161oj online prodavnici, je mo\u017eete dobiti za samo 2125 RSD. plo\u010dica proizvo\u0111a\u010da e-Ceramica iz \u0160panije. Plo\u010dica 10&#215;20 cm je dobra za ve\u0107 razli\u010ditih namena. Technical description: Product ID: [&hellip;]<\/p>\n","protected":false},"featured_media":88513,"template":"","meta":[],"product_cat":[210,99921414,200,230,999,250],"product_tag":[],"_links":{"self":[{"href":"https:\/\/www.keramika.com\/srbija\/wp-json\/wp\/v2\/product\/88512"}],"collection":[{"href":"https:\/\/www.keramika.com\/srbija\/wp-json\/wp\/v2\/product"}],"about":[{"href":"https:\/\/www.keramika.com\/srbija\/wp-json\/wp\/v2\/types\/product"}],"wp:featuredmedia":[{"embeddable":true,"href":"https:\/\/www.keramika.com\/srbija\/wp-json\/wp\/v2\/media\/88513"}],"wp:attachment":[{"href":"https:\/\/www.keramika.com\/srbija\/wp-json\/wp\/v2\/media?parent=88512"}],"wp:term":[{"taxonomy":"product_cat","embeddable":true,"href":"https:\/\/www.keramika.com\/srbija\/wp-json\/wp\/v2\/product_cat?post=88512"},{"taxonomy":"product_tag","embeddable":true,"href":"https:\/\/www.keramika.com\/srbija\/wp-json\/wp\/v2\/product_tag?post=88512"}],"curies":[{"name":"wp","href":"https:\/\/api.w.org\/{rel}","templated":true}]}}