{"id":88510,"date":"2017-07-01T16:05:01","date_gmt":"2017-07-01T16:05:01","guid":{"rendered":"http:\/\/www.ceramictiles.com\/srbija\/product\/keramika-10x20-malva\/"},"modified":"2025-12-31T00:02:01","modified_gmt":"2025-12-31T00:02:01","slug":"keramika-10x20-malva","status":"publish","type":"product","link":"https:\/\/www.keramika.com\/srbija\/keramika-10x20-malva\/","title":{"rendered":"Keramika 10&#215;20 malva"},"content":{"rendered":"<p>Plo\u010dica je debela 9 mm, \u0161to je ubraja u tvrde plo\u010dice. Keramika je prekrasne zelene boje. U koliko \u017eelite neku drugu boju, pozovite nas i mi \u0107emo proveriti kod proizvo\u0111a\u010da. U maloprodaji bi morali za tu plo\u010dicu platiti 3437,5 RSD, online cena je samo 2750 RSD. Proizvodnja \u0160panije ,koja je poznata u svetu, kao jedana od najboljih proizvo\u0111a\u010da kerami\u010dkih plo\u010dica. Veli\u010dina ove plo\u010dice je 10&#215;20 cm.<\/p>\n<p>Technical description: Product ID: Malva<br \/><a class=\"pdfcatal\" href=\"\/\/www.keramika.com\/pdf\/e-ceramica\/catalogue_of_kitchen_tiles.pdf\"> Kitchen tiles catalogue  <\/a><\/p>\n","protected":false},"excerpt":{"rendered":"<p>Plo\u010dica je debela 9 mm, \u0161to je ubraja u tvrde plo\u010dice. Keramika je prekrasne zelene boje. U koliko \u017eelite neku drugu boju, pozovite nas i mi \u0107emo proveriti kod proizvo\u0111a\u010da. U maloprodaji bi morali za tu plo\u010dicu platiti 3437,5 RSD, online cena je samo 2750 RSD. Proizvodnja \u0160panije ,koja je poznata u svetu, kao jedana [&hellip;]<\/p>\n","protected":false},"featured_media":88511,"template":"","meta":[],"product_cat":[210,99921414,200,230,999,250],"product_tag":[],"_links":{"self":[{"href":"https:\/\/www.keramika.com\/srbija\/wp-json\/wp\/v2\/product\/88510"}],"collection":[{"href":"https:\/\/www.keramika.com\/srbija\/wp-json\/wp\/v2\/product"}],"about":[{"href":"https:\/\/www.keramika.com\/srbija\/wp-json\/wp\/v2\/types\/product"}],"wp:featuredmedia":[{"embeddable":true,"href":"https:\/\/www.keramika.com\/srbija\/wp-json\/wp\/v2\/media\/88511"}],"wp:attachment":[{"href":"https:\/\/www.keramika.com\/srbija\/wp-json\/wp\/v2\/media?parent=88510"}],"wp:term":[{"taxonomy":"product_cat","embeddable":true,"href":"https:\/\/www.keramika.com\/srbija\/wp-json\/wp\/v2\/product_cat?post=88510"},{"taxonomy":"product_tag","embeddable":true,"href":"https:\/\/www.keramika.com\/srbija\/wp-json\/wp\/v2\/product_tag?post=88510"}],"curies":[{"name":"wp","href":"https:\/\/api.w.org\/{rel}","templated":true}]}}