{"id":88498,"date":"2017-07-01T16:03:22","date_gmt":"2017-07-01T16:03:22","guid":{"rendered":"http:\/\/www.ceramictiles.com\/srbija\/product\/zidna-dekorativna-keramika-emigres-toledo-marron\/"},"modified":"2025-12-31T00:02:00","modified_gmt":"2025-12-31T00:02:00","slug":"zidna-dekorativna-keramika-emigres-toledo-marron","status":"publish","type":"product","link":"https:\/\/www.keramika.com\/srbija\/zidna-dekorativna-keramika-emigres-toledo-marron\/","title":{"rendered":"Zidna dekorativna keramika Emigres Toledo marron"},"content":{"rendered":"<p>9 mm debljine je dovoljno za zahtevnije kupce. plo\u010dica proizvo\u0111a\u010da Emigres iz \u0160panije. Keramika je prekrasne braon boje. U koliko \u017eelite neku drugu boju, pozovite nas i mi \u0107emo proveriti kod proizvo\u0111a\u010da. Redovna cena, ovih plo\u010dica u maloprodaji je 2817,5 RSD. U na\u0161oj online trgovini, je mo\u017eete kupiti za 2254 RSD. Plo\u010dica 20&#215;60 cm je dobra za ve\u0107 razli\u010ditih namena.<\/p>\n<p>Kliknite na ime serije za sve plo\u010dice u toj seriji: <a class=\"pdfcatal\" href=\"\/\/www.ceramictiles.com\/pdf\/emigres\/catalogue_emigres_toledo.pdf\" onclick=\"recordOutboundLink(this, 'E-mail', 'Description PDF');return false;\">Emigres Toledo<\/a><\/p>\n<p>Da bi naru\u010dili model iz PDF kataloga ove serije, molimo vas, da nas kontaktirate na: <a href=\"mailto:zo_mi@ceramictiles.com\" onclick=\"recordOutboundLink(this, 'E-mail', 'Description mail');return false;\">zo_mi@ceramictiles.com<\/a> ili nas pozovite na: For exact offer, PLS send us quantity and product you need with delivery address..<\/p>\n<p>Technical description: <br \/> W 20&#215;60 <br \/>Toledo Beige ; Toledo Marr\u00f3n ; Toledo Blanco ; Toledo Gris ;<\/p>\n","protected":false},"excerpt":{"rendered":"<p>9 mm debljine je dovoljno za zahtevnije kupce. plo\u010dica proizvo\u0111a\u010da Emigres iz \u0160panije. Keramika je prekrasne braon boje. U koliko \u017eelite neku drugu boju, pozovite nas i mi \u0107emo proveriti kod proizvo\u0111a\u010da. Redovna cena, ovih plo\u010dica u maloprodaji je 2817,5 RSD. U na\u0161oj online trgovini, je mo\u017eete kupiti za 2254 RSD. Plo\u010dica 20&#215;60 cm je [&hellip;]<\/p>\n","protected":false},"featured_media":88499,"template":"","meta":[],"product_cat":[210,9991089,200,220,999,250],"product_tag":[],"_links":{"self":[{"href":"https:\/\/www.keramika.com\/srbija\/wp-json\/wp\/v2\/product\/88498"}],"collection":[{"href":"https:\/\/www.keramika.com\/srbija\/wp-json\/wp\/v2\/product"}],"about":[{"href":"https:\/\/www.keramika.com\/srbija\/wp-json\/wp\/v2\/types\/product"}],"wp:featuredmedia":[{"embeddable":true,"href":"https:\/\/www.keramika.com\/srbija\/wp-json\/wp\/v2\/media\/88499"}],"wp:attachment":[{"href":"https:\/\/www.keramika.com\/srbija\/wp-json\/wp\/v2\/media?parent=88498"}],"wp:term":[{"taxonomy":"product_cat","embeddable":true,"href":"https:\/\/www.keramika.com\/srbija\/wp-json\/wp\/v2\/product_cat?post=88498"},{"taxonomy":"product_tag","embeddable":true,"href":"https:\/\/www.keramika.com\/srbija\/wp-json\/wp\/v2\/product_tag?post=88498"}],"curies":[{"name":"wp","href":"https:\/\/api.w.org\/{rel}","templated":true}]}}