{"id":88492,"date":"2017-07-01T16:02:39","date_gmt":"2017-07-01T16:02:39","guid":{"rendered":"http:\/\/www.ceramictiles.com\/srbija\/product\/zidne-plocice-emigres-sagunto-inox\/"},"modified":"2025-12-31T00:01:59","modified_gmt":"2025-12-31T00:01:59","slug":"zidne-plocice-emigres-sagunto-inox","status":"publish","type":"product","link":"https:\/\/www.keramika.com\/srbija\/zidne-plocice-emigres-sagunto-inox\/","title":{"rendered":"Zidne plo\u010dice Emigres Sagunto inox"},"content":{"rendered":"<p>Plo\u010dica je debela 9 mm, \u0161to je ubraja u tvrde plo\u010dice. Plo\u010dice sive boje, su letos izuzetno tre\u017eene. Emigres Sagunto inox dolazi iz \u0160panije, koja je poznata po vrlo visokoj kvaliteta keramike u svetu. Dimenzije ovih plo\u010dica su 20&#215;60 cm. Zbog ni\u017eih tro\u0161kova, online prodaje, Vi \u0107e te na na\u0161oj strani ove plo\u010de platiti samo 2596,7 RSD.<\/p>\n<p>Kliknite na ime serije za sve plo\u010dice u toj seriji: <a class=\"pdfcatal\" href=\"\/\/www.ceramictiles.com\/pdf\/emigres\/catalogue_emigres_sagunto_inox.pdf\" onclick=\"recordOutboundLink(this, 'E-mail', 'Description PDF');return false;\">Emigres Inox<\/a><\/p>\n<p>Da bi naru\u010dili model iz PDF kataloga ove serije, molimo vas, da nas kontaktirate na: <a href=\"mailto:zo_mi@ceramictiles.com\" onclick=\"recordOutboundLink(this, 'E-mail', 'Description mail');return false;\">zo_mi@ceramictiles.com<\/a> ili nas pozovite na: For exact offer, PLS send us quantity and product you need with delivery address..<\/p>\n<p>Technical description: <br \/> W 20&#215;60 <br \/>Sagunto Blanco ; Sagunto Inox ;<\/p>\n","protected":false},"excerpt":{"rendered":"<p>Plo\u010dica je debela 9 mm, \u0161to je ubraja u tvrde plo\u010dice. Plo\u010dice sive boje, su letos izuzetno tre\u017eene. Emigres Sagunto inox dolazi iz \u0160panije, koja je poznata po vrlo visokoj kvaliteta keramike u svetu. Dimenzije ovih plo\u010dica su 20&#215;60 cm. Zbog ni\u017eih tro\u0161kova, online prodaje, Vi \u0107e te na na\u0161oj strani ove plo\u010de platiti samo [&hellip;]<\/p>\n","protected":false},"featured_media":88493,"template":"","meta":[],"product_cat":[210,9991089,200,220,999,250],"product_tag":[],"_links":{"self":[{"href":"https:\/\/www.keramika.com\/srbija\/wp-json\/wp\/v2\/product\/88492"}],"collection":[{"href":"https:\/\/www.keramika.com\/srbija\/wp-json\/wp\/v2\/product"}],"about":[{"href":"https:\/\/www.keramika.com\/srbija\/wp-json\/wp\/v2\/types\/product"}],"wp:featuredmedia":[{"embeddable":true,"href":"https:\/\/www.keramika.com\/srbija\/wp-json\/wp\/v2\/media\/88493"}],"wp:attachment":[{"href":"https:\/\/www.keramika.com\/srbija\/wp-json\/wp\/v2\/media?parent=88492"}],"wp:term":[{"taxonomy":"product_cat","embeddable":true,"href":"https:\/\/www.keramika.com\/srbija\/wp-json\/wp\/v2\/product_cat?post=88492"},{"taxonomy":"product_tag","embeddable":true,"href":"https:\/\/www.keramika.com\/srbija\/wp-json\/wp\/v2\/product_tag?post=88492"}],"curies":[{"name":"wp","href":"https:\/\/api.w.org\/{rel}","templated":true}]}}