{"id":88490,"date":"2017-07-01T16:02:20","date_gmt":"2017-07-01T16:02:20","guid":{"rendered":"http:\/\/www.ceramictiles.com\/srbija\/product\/mozaik-plocice-za-kupatilo-emigres-sagunto-gris\/"},"modified":"2025-12-31T00:01:59","modified_gmt":"2025-12-31T00:01:59","slug":"mozaik-plocice-za-kupatilo-emigres-sagunto-gris","status":"publish","type":"product","link":"https:\/\/www.keramika.com\/srbija\/mozaik-plocice-za-kupatilo-emigres-sagunto-gris\/","title":{"rendered":"Mozaik plo\u010dice za kupatilo Emigres Sagunto gris"},"content":{"rendered":"<p>9 mm debljine je dovoljno za zahtevnije kupce. Emigres Sagunto gris dolazi iz \u0160panije, koja je poznata po vrlo visokoj kvaliteta keramike u svetu. Ove sive kerami\u010dke plo\u010dice, obogatit \u0107e svaki prostor. Plo\u010dica 20&#215;60 cm je dobra za ve\u0107 razli\u010ditih namena. Online cena je samo 2254 RSD, dok redovna, maloprodajna cena 2817,5 RSD.<\/p>\n<p>Kliknite na ime serije za sve plo\u010dice u toj seriji: <a class=\"pdfcatal\" href=\"\/\/www.ceramictiles.com\/pdf\/emigres\/catalogue_emigres_sagunto_gris.pdf\" onclick=\"recordOutboundLink(this, 'E-mail', 'Description PDF');return false;\">Emigres Sagunto<\/a><\/p>\n<p>Da bi naru\u010dili model iz PDF kataloga ove serije, molimo vas, da nas kontaktirate na: <a href=\"mailto:zo_mi@ceramictiles.com\" onclick=\"recordOutboundLink(this, 'E-mail', 'Description mail');return false;\">zo_mi@ceramictiles.com<\/a> ili nas pozovite na: For exact offer, PLS send us quantity and product you need with delivery address..<\/p>\n<p>Technical description: <br \/> W 20&#215;60 <br \/>Sagunto Blanco ; Sagunto Beige ; Sagunto Gris ; Sagunto Marr\u00f3n ; Sagunto Azul ;<\/p>\n","protected":false},"excerpt":{"rendered":"<p>9 mm debljine je dovoljno za zahtevnije kupce. Emigres Sagunto gris dolazi iz \u0160panije, koja je poznata po vrlo visokoj kvaliteta keramike u svetu. Ove sive kerami\u010dke plo\u010dice, obogatit \u0107e svaki prostor. Plo\u010dica 20&#215;60 cm je dobra za ve\u0107 razli\u010ditih namena. Online cena je samo 2254 RSD, dok redovna, maloprodajna cena 2817,5 RSD. Kliknite na [&hellip;]<\/p>\n","protected":false},"featured_media":88491,"template":"","meta":[],"product_cat":[210,9991089,200,220,999,250],"product_tag":[],"_links":{"self":[{"href":"https:\/\/www.keramika.com\/srbija\/wp-json\/wp\/v2\/product\/88490"}],"collection":[{"href":"https:\/\/www.keramika.com\/srbija\/wp-json\/wp\/v2\/product"}],"about":[{"href":"https:\/\/www.keramika.com\/srbija\/wp-json\/wp\/v2\/types\/product"}],"wp:featuredmedia":[{"embeddable":true,"href":"https:\/\/www.keramika.com\/srbija\/wp-json\/wp\/v2\/media\/88491"}],"wp:attachment":[{"href":"https:\/\/www.keramika.com\/srbija\/wp-json\/wp\/v2\/media?parent=88490"}],"wp:term":[{"taxonomy":"product_cat","embeddable":true,"href":"https:\/\/www.keramika.com\/srbija\/wp-json\/wp\/v2\/product_cat?post=88490"},{"taxonomy":"product_tag","embeddable":true,"href":"https:\/\/www.keramika.com\/srbija\/wp-json\/wp\/v2\/product_tag?post=88490"}],"curies":[{"name":"wp","href":"https:\/\/api.w.org\/{rel}","templated":true}]}}