{"id":88480,"date":"2017-07-01T16:00:59","date_gmt":"2017-07-01T16:00:59","guid":{"rendered":"http:\/\/www.ceramictiles.com\/srbija\/product\/mozaik-plocice-emigres-ondas-marron\/"},"modified":"2025-12-31T00:01:58","modified_gmt":"2025-12-31T00:01:58","slug":"mozaik-plocice-emigres-ondas-marron","status":"publish","type":"product","link":"https:\/\/www.keramika.com\/srbija\/mozaik-plocice-emigres-ondas-marron\/","title":{"rendered":"Mozaik plo\u010dice Emigres Ondas marron"},"content":{"rendered":"<p>Veli\u010dina plo\u010dice je 20&#215;60 cm i odli\u010dna je za razli\u010dite povr\u0161ine. plo\u010dica proizvo\u0111a\u010da Emigres iz \u0160panije. Plo\u010dica je debela 9 mm, \u0161to je ubraja u tvrde plo\u010dice. Emigres Ondas marron je dostupna po vrlo povoljnim cenama 2254 RSD. Ove be\u017e kerami\u010dke plo\u010dice, obogatit \u0107e svaki prostor.<\/p>\n<p>Kliknite na ime serije za sve plo\u010dice u toj seriji: <a class=\"pdfcatal\" href=\"\/\/www.ceramictiles.com\/pdf\/emigres\/catalogue_emigres_ondas.pdf\" onclick=\"recordOutboundLink(this, 'E-mail', 'Description PDF');return false;\">Emigres Ondas<\/a><\/p>\n<p>Da bi naru\u010dili model iz PDF kataloga ove serije, molimo vas, da nas kontaktirate na: <a href=\"mailto:zo_mi@ceramictiles.com\" onclick=\"recordOutboundLink(this, 'E-mail', 'Description mail');return false;\">zo_mi@ceramictiles.com<\/a> ili nas pozovite na: For exact offer, PLS send us quantity and product you need with delivery address..<\/p>\n<p>Technical description: <br \/> W 20&#215;60 <br \/>Ondas Blanco ; Ondas Gris ; Ondas Beige ; Ondas Marr\u00f3n ; Ondas Negro ;<\/p>\n","protected":false},"excerpt":{"rendered":"<p>Veli\u010dina plo\u010dice je 20&#215;60 cm i odli\u010dna je za razli\u010dite povr\u0161ine. plo\u010dica proizvo\u0111a\u010da Emigres iz \u0160panije. Plo\u010dica je debela 9 mm, \u0161to je ubraja u tvrde plo\u010dice. Emigres Ondas marron je dostupna po vrlo povoljnim cenama 2254 RSD. Ove be\u017e kerami\u010dke plo\u010dice, obogatit \u0107e svaki prostor. Kliknite na ime serije za sve plo\u010dice u toj [&hellip;]<\/p>\n","protected":false},"featured_media":88481,"template":"","meta":[],"product_cat":[210,9991089,200,240,260,999,290],"product_tag":[99950100],"_links":{"self":[{"href":"https:\/\/www.keramika.com\/srbija\/wp-json\/wp\/v2\/product\/88480"}],"collection":[{"href":"https:\/\/www.keramika.com\/srbija\/wp-json\/wp\/v2\/product"}],"about":[{"href":"https:\/\/www.keramika.com\/srbija\/wp-json\/wp\/v2\/types\/product"}],"wp:featuredmedia":[{"embeddable":true,"href":"https:\/\/www.keramika.com\/srbija\/wp-json\/wp\/v2\/media\/88481"}],"wp:attachment":[{"href":"https:\/\/www.keramika.com\/srbija\/wp-json\/wp\/v2\/media?parent=88480"}],"wp:term":[{"taxonomy":"product_cat","embeddable":true,"href":"https:\/\/www.keramika.com\/srbija\/wp-json\/wp\/v2\/product_cat?post=88480"},{"taxonomy":"product_tag","embeddable":true,"href":"https:\/\/www.keramika.com\/srbija\/wp-json\/wp\/v2\/product_tag?post=88480"}],"curies":[{"name":"wp","href":"https:\/\/api.w.org\/{rel}","templated":true}]}}