{"id":88474,"date":"2017-07-01T16:00:03","date_gmt":"2017-07-01T16:00:03","guid":{"rendered":"http:\/\/www.ceramictiles.com\/srbija\/product\/mozaik-plocice-emigres-mosaic-20x60-negro\/"},"modified":"2025-12-31T00:01:57","modified_gmt":"2025-12-31T00:01:57","slug":"mozaik-plocice-emigres-mosaic-20x60-negro","status":"publish","type":"product","link":"https:\/\/www.keramika.com\/srbija\/mozaik-plocice-emigres-mosaic-20x60-negro\/","title":{"rendered":"Mozaik plo\u010dice Emigres Mosaic 20&#215;60 negro"},"content":{"rendered":"<p>Plo\u010dice crne boje, su letos izuzetno tre\u017eene. Dimenzije ovih plo\u010dica su 20&#215;60 cm. Plo\u010dica je debela 9 mm, \u0161to je ubraja u tvrde plo\u010dice. Ove plo\u010dice dolaze od proizvo\u0111a\u010da Emigres, iz \u0160panije. Online cena je samo 2254 RSD, dok redovna, maloprodajna cena 2817,5 RSD.<\/p>\n<p>Kliknite na ime serije za sve plo\u010dice u toj seriji: <a class=\"pdfcatal\" href=\"\/\/www.ceramictiles.com\/pdf\/emigres\/catalogue_emigres_mosaic.pdf\" onclick=\"recordOutboundLink(this, 'E-mail', 'Description PDF');return false;\">Emigres Mosaic 20&#215;60<\/a><\/p>\n<p>Da bi naru\u010dili model iz PDF kataloga ove serije, molimo vas, da nas kontaktirate na: <a href=\"mailto:zo_mi@ceramictiles.com\" onclick=\"recordOutboundLink(this, 'E-mail', 'Description mail');return false;\">zo_mi@ceramictiles.com<\/a> ili nas pozovite na: For exact offer, PLS send us quantity and product you need with delivery address..<\/p>\n<p>Technical description: <br \/> W 20&#215;60 <br \/>Mosaic Blanco ; Mosaic Gris ; Mosaic Azul ; Mosaic Negro ; Mosaic Beige ; Mosaic Marr\u00f3n ;<\/p>\n","protected":false},"excerpt":{"rendered":"<p>Plo\u010dice crne boje, su letos izuzetno tre\u017eene. Dimenzije ovih plo\u010dica su 20&#215;60 cm. Plo\u010dica je debela 9 mm, \u0161to je ubraja u tvrde plo\u010dice. Ove plo\u010dice dolaze od proizvo\u0111a\u010da Emigres, iz \u0160panije. Online cena je samo 2254 RSD, dok redovna, maloprodajna cena 2817,5 RSD. Kliknite na ime serije za sve plo\u010dice u toj seriji: Emigres [&hellip;]<\/p>\n","protected":false},"featured_media":88475,"template":"","meta":[],"product_cat":[210,9991089,200,220,999,250],"product_tag":[],"_links":{"self":[{"href":"https:\/\/www.keramika.com\/srbija\/wp-json\/wp\/v2\/product\/88474"}],"collection":[{"href":"https:\/\/www.keramika.com\/srbija\/wp-json\/wp\/v2\/product"}],"about":[{"href":"https:\/\/www.keramika.com\/srbija\/wp-json\/wp\/v2\/types\/product"}],"wp:featuredmedia":[{"embeddable":true,"href":"https:\/\/www.keramika.com\/srbija\/wp-json\/wp\/v2\/media\/88475"}],"wp:attachment":[{"href":"https:\/\/www.keramika.com\/srbija\/wp-json\/wp\/v2\/media?parent=88474"}],"wp:term":[{"taxonomy":"product_cat","embeddable":true,"href":"https:\/\/www.keramika.com\/srbija\/wp-json\/wp\/v2\/product_cat?post=88474"},{"taxonomy":"product_tag","embeddable":true,"href":"https:\/\/www.keramika.com\/srbija\/wp-json\/wp\/v2\/product_tag?post=88474"}],"curies":[{"name":"wp","href":"https:\/\/api.w.org\/{rel}","templated":true}]}}