{"id":88470,"date":"2017-07-01T15:59:31","date_gmt":"2017-07-01T15:59:31","guid":{"rendered":"http:\/\/www.ceramictiles.com\/srbija\/product\/mozaik-plocice-emigres-monaco-rosa\/"},"modified":"2025-12-31T00:01:56","modified_gmt":"2025-12-31T00:01:56","slug":"mozaik-plocice-emigres-monaco-rosa","status":"publish","type":"product","link":"https:\/\/www.keramika.com\/srbija\/mozaik-plocice-emigres-monaco-rosa\/","title":{"rendered":"Mozaik plo\u010dice Emigres Monaco rosa"},"content":{"rendered":"<p>Keramika je prekrasne be\u017e boje. U koliko \u017eelite neku drugu boju, pozovite nas i mi \u0107emo proveriti kod proizvo\u0111a\u010da. Plo\u010dica je debela 9 mm, \u0161to je ubraja u tvrde plo\u010dice. Plo\u010dica na sliki je 20&#215;60 cm. Emigres Monaco rosa je dostupna po vrlo povoljnim cenama 2254 RSD. Ove plo\u010dice dolaze od proizvo\u0111a\u010da Emigres, iz \u0160panije.<\/p>\n<p>Kliknite na ime serije za sve plo\u010dice u toj seriji: <a class=\"pdfcatal\" href=\"\/\/www.ceramictiles.com\/pdf\/emigres\/catalogue_emigres_monaco.pdf\" onclick=\"recordOutboundLink(this, 'E-mail', 'Description PDF');return false;\">Emigres Monaco<\/a><\/p>\n<p>Da bi naru\u010dili model iz PDF kataloga ove serije, molimo vas, da nas kontaktirate na: <a href=\"mailto:zo_mi@ceramictiles.com\" onclick=\"recordOutboundLink(this, 'E-mail', 'Description mail');return false;\">zo_mi@ceramictiles.com<\/a> ili nas pozovite na: For exact offer, PLS send us quantity and product you need with delivery address..<\/p>\n<p>Technical description: <br \/> W 20&#215;60 <br \/>M\u00f3naco Beige ; M\u00f3naco Marr\u00f3n ; M\u00f3naco Blanco ; M\u00f3naco Azul ; M\u00f3naco Rosa ;<\/p>\n","protected":false},"excerpt":{"rendered":"<p>Keramika je prekrasne be\u017e boje. U koliko \u017eelite neku drugu boju, pozovite nas i mi \u0107emo proveriti kod proizvo\u0111a\u010da. Plo\u010dica je debela 9 mm, \u0161to je ubraja u tvrde plo\u010dice. Plo\u010dica na sliki je 20&#215;60 cm. Emigres Monaco rosa je dostupna po vrlo povoljnim cenama 2254 RSD. Ove plo\u010dice dolaze od proizvo\u0111a\u010da Emigres, iz \u0160panije. [&hellip;]<\/p>\n","protected":false},"featured_media":88471,"template":"","meta":[],"product_cat":[210,9991089,200,220,999,250],"product_tag":[],"_links":{"self":[{"href":"https:\/\/www.keramika.com\/srbija\/wp-json\/wp\/v2\/product\/88470"}],"collection":[{"href":"https:\/\/www.keramika.com\/srbija\/wp-json\/wp\/v2\/product"}],"about":[{"href":"https:\/\/www.keramika.com\/srbija\/wp-json\/wp\/v2\/types\/product"}],"wp:featuredmedia":[{"embeddable":true,"href":"https:\/\/www.keramika.com\/srbija\/wp-json\/wp\/v2\/media\/88471"}],"wp:attachment":[{"href":"https:\/\/www.keramika.com\/srbija\/wp-json\/wp\/v2\/media?parent=88470"}],"wp:term":[{"taxonomy":"product_cat","embeddable":true,"href":"https:\/\/www.keramika.com\/srbija\/wp-json\/wp\/v2\/product_cat?post=88470"},{"taxonomy":"product_tag","embeddable":true,"href":"https:\/\/www.keramika.com\/srbija\/wp-json\/wp\/v2\/product_tag?post=88470"}],"curies":[{"name":"wp","href":"https:\/\/api.w.org\/{rel}","templated":true}]}}