{"id":88468,"date":"2017-07-01T15:59:13","date_gmt":"2017-07-01T15:59:13","guid":{"rendered":"http:\/\/www.ceramictiles.com\/srbija\/product\/mozaik-plocice-emigres-merida-blanco\/"},"modified":"2025-12-31T00:01:55","modified_gmt":"2025-12-31T00:01:55","slug":"mozaik-plocice-emigres-merida-blanco","status":"publish","type":"product","link":"https:\/\/www.keramika.com\/srbija\/mozaik-plocice-emigres-merida-blanco\/","title":{"rendered":"Mozaik plo\u010dice Emigres Merida blanco"},"content":{"rendered":"<p>Keramika je prekrasne roze boje. U koliko \u017eelite neku drugu boju, pozovite nas i mi \u0107emo proveriti kod proizvo\u0111a\u010da. Dimenzije ovih plo\u010dica su 15&#215;50 cm. Debljina plo\u010dice, je vrlo va\u017ena 9 mm i ubraja tu plo\u010dicu me\u0111u najkvalitetnije. Online cena je samo 2049,3 RSD, dok redovna, maloprodajna cena 2562,2 RSD. Emigres Merida blanco je proizvod iz \u0160panije te je izuzetno kvalitetna.<\/p>\n<p>Kliknite na ime serije za sve plo\u010dice u toj seriji: <a class=\"pdfcatal\" href=\"\/\/www.ceramictiles.com\/pdf\/emigres\/catalogue_emigres_merida.pdf\" onclick=\"recordOutboundLink(this, 'E-mail', 'Description PDF');return false;\">Emigres Merida<\/a><\/p>\n<p>Da bi naru\u010dili model iz PDF kataloga ove serije, molimo vas, da nas kontaktirate na: <a href=\"mailto:zo_mi@ceramictiles.com\" onclick=\"recordOutboundLink(this, 'E-mail', 'Description mail');return false;\">zo_mi@ceramictiles.com<\/a> ili nas pozovite na: For exact offer, PLS send us quantity and product you need with delivery address..<\/p>\n<p>Technical description: <br \/> W 15&#215;50 <br \/>M\u00e9rida Blanco ; M\u00e9rida Beige ; M\u00e9rida Marr\u00f3n ;<\/p>\n","protected":false},"excerpt":{"rendered":"<p>Keramika je prekrasne roze boje. U koliko \u017eelite neku drugu boju, pozovite nas i mi \u0107emo proveriti kod proizvo\u0111a\u010da. Dimenzije ovih plo\u010dica su 15&#215;50 cm. Debljina plo\u010dice, je vrlo va\u017ena 9 mm i ubraja tu plo\u010dicu me\u0111u najkvalitetnije. Online cena je samo 2049,3 RSD, dok redovna, maloprodajna cena 2562,2 RSD. Emigres Merida blanco je proizvod [&hellip;]<\/p>\n","protected":false},"featured_media":88469,"template":"","meta":[],"product_cat":[210,9991089,200,220,999,250],"product_tag":[],"_links":{"self":[{"href":"https:\/\/www.keramika.com\/srbija\/wp-json\/wp\/v2\/product\/88468"}],"collection":[{"href":"https:\/\/www.keramika.com\/srbija\/wp-json\/wp\/v2\/product"}],"about":[{"href":"https:\/\/www.keramika.com\/srbija\/wp-json\/wp\/v2\/types\/product"}],"wp:featuredmedia":[{"embeddable":true,"href":"https:\/\/www.keramika.com\/srbija\/wp-json\/wp\/v2\/media\/88469"}],"wp:attachment":[{"href":"https:\/\/www.keramika.com\/srbija\/wp-json\/wp\/v2\/media?parent=88468"}],"wp:term":[{"taxonomy":"product_cat","embeddable":true,"href":"https:\/\/www.keramika.com\/srbija\/wp-json\/wp\/v2\/product_cat?post=88468"},{"taxonomy":"product_tag","embeddable":true,"href":"https:\/\/www.keramika.com\/srbija\/wp-json\/wp\/v2\/product_tag?post=88468"}],"curies":[{"name":"wp","href":"https:\/\/api.w.org\/{rel}","templated":true}]}}