{"id":88450,"date":"2017-07-01T15:56:48","date_gmt":"2017-07-01T15:56:48","guid":{"rendered":"http:\/\/www.ceramictiles.com\/srbija\/product\/keramika-imitacija-drveta-emigres-colonial_401\/"},"modified":"2025-12-31T00:01:53","modified_gmt":"2025-12-31T00:01:53","slug":"keramika-imitacija-drveta-emigres-colonial_401","status":"publish","type":"product","link":"https:\/\/www.keramika.com\/srbija\/keramika-imitacija-drveta-emigres-colonial_401\/","title":{"rendered":"Keramika imitacija drveta Emigres Colonial_401"},"content":{"rendered":"<p>3406,3 RSD je redovna prodajna cena keramike, tu pa samo 2725,5 RSD. Plo\u010dica je debela 9 mm, \u0161to je ubraja u tvrde plo\u010dice. Keramika je prekrasne braon boje. U koliko \u017eelite neku drugu boju, pozovite nas i mi \u0107emo proveriti kod proizvo\u0111a\u010da. Dimenzije ovih plo\u010dica su 40&#215;40 cm. plo\u010dica proizvo\u0111a\u010da Emigres iz \u0160panije.<\/p>\n<p>Kliknite na ime serije za sve plo\u010dice u toj seriji: <a class=\"pdfcatal\" href=\"\/\/www.ceramictiles.com\/pdf\/emigres\/catalogue_emigres_colonial.pdf\" onclick=\"recordOutboundLink(this, 'E-mail', 'Description PDF');return false;\">Emigres Colonial<\/a><\/p>\n<p>Da bi naru\u010dili model iz PDF kataloga ove serije, molimo vas, da nas kontaktirate na: <a href=\"mailto:zo_mi@ceramictiles.com\" onclick=\"recordOutboundLink(this, 'E-mail', 'Description mail');return false;\">zo_mi@ceramictiles.com<\/a> ili nas pozovite na: For exact offer, PLS send us quantity and product you need with delivery address..<\/p>\n<p>Technical description: <br \/> F 40&#215;40 <br \/>Colonial 401 Brillo\/Bright ; Colonial 402 Brillo\/Bright ; Colonial 410 ; Colonial 411 ;<\/p>\n","protected":false},"excerpt":{"rendered":"<p>3406,3 RSD je redovna prodajna cena keramike, tu pa samo 2725,5 RSD. Plo\u010dica je debela 9 mm, \u0161to je ubraja u tvrde plo\u010dice. Keramika je prekrasne braon boje. U koliko \u017eelite neku drugu boju, pozovite nas i mi \u0107emo proveriti kod proizvo\u0111a\u010da. Dimenzije ovih plo\u010dica su 40&#215;40 cm. plo\u010dica proizvo\u0111a\u010da Emigres iz \u0160panije. Kliknite na [&hellip;]<\/p>\n","protected":false},"featured_media":88451,"template":"","meta":[],"product_cat":[210,9991089,200,220,999,250],"product_tag":[99950095],"_links":{"self":[{"href":"https:\/\/www.keramika.com\/srbija\/wp-json\/wp\/v2\/product\/88450"}],"collection":[{"href":"https:\/\/www.keramika.com\/srbija\/wp-json\/wp\/v2\/product"}],"about":[{"href":"https:\/\/www.keramika.com\/srbija\/wp-json\/wp\/v2\/types\/product"}],"wp:featuredmedia":[{"embeddable":true,"href":"https:\/\/www.keramika.com\/srbija\/wp-json\/wp\/v2\/media\/88451"}],"wp:attachment":[{"href":"https:\/\/www.keramika.com\/srbija\/wp-json\/wp\/v2\/media?parent=88450"}],"wp:term":[{"taxonomy":"product_cat","embeddable":true,"href":"https:\/\/www.keramika.com\/srbija\/wp-json\/wp\/v2\/product_cat?post=88450"},{"taxonomy":"product_tag","embeddable":true,"href":"https:\/\/www.keramika.com\/srbija\/wp-json\/wp\/v2\/product_tag?post=88450"}],"curies":[{"name":"wp","href":"https:\/\/api.w.org\/{rel}","templated":true}]}}