{"id":88448,"date":"2017-07-01T15:56:34","date_gmt":"2017-07-01T15:56:34","guid":{"rendered":"http:\/\/www.ceramictiles.com\/srbija\/product\/mozaik-plocice-emigres-city-gris\/"},"modified":"2025-12-31T00:01:53","modified_gmt":"2025-12-31T00:01:53","slug":"mozaik-plocice-emigres-city-gris","status":"publish","type":"product","link":"https:\/\/www.keramika.com\/srbija\/mozaik-plocice-emigres-city-gris\/","title":{"rendered":"Mozaik plo\u010dice Emigres City gris"},"content":{"rendered":"<p>9 mm debljine je dovoljno za zahtevnije kupce. 2817,5 RSD je redovna prodajna cena keramike, tu pa samo 2254 RSD. Proizvodnja \u0160panije ,koja je poznata u svetu, kao jedana od najboljih proizvo\u0111a\u010da kerami\u010dkih plo\u010dica. Dimenzije ovih plo\u010dica su 20&#215;60 cm. Plo\u010dice braon boje osvje\u017eit \u0107e svaki prostor.<\/p>\n<p>Kliknite na ime serije za sve plo\u010dice u toj seriji: <a class=\"pdfcatal\" href=\"\/\/www.ceramictiles.com\/pdf\/emigres\/catalogue_emigres_city.pdf\" onclick=\"recordOutboundLink(this, 'E-mail', 'Description PDF');return false;\">Emigres City<\/a><\/p>\n<p>Da bi naru\u010dili model iz PDF kataloga ove serije, molimo vas, da nas kontaktirate na: <a href=\"mailto:zo_mi@ceramictiles.com\" onclick=\"recordOutboundLink(this, 'E-mail', 'Description mail');return false;\">zo_mi@ceramictiles.com<\/a> ili nas pozovite na: For exact offer, PLS send us quantity and product you need with delivery address..<\/p>\n<p>Technical description: <br \/> W 20&#215;60 <br \/>City Blanco ; City Beige ; City Marr\u00f3n ; City Azul ; City Gris ;<\/p>\n","protected":false},"excerpt":{"rendered":"<p>9 mm debljine je dovoljno za zahtevnije kupce. 2817,5 RSD je redovna prodajna cena keramike, tu pa samo 2254 RSD. Proizvodnja \u0160panije ,koja je poznata u svetu, kao jedana od najboljih proizvo\u0111a\u010da kerami\u010dkih plo\u010dica. Dimenzije ovih plo\u010dica su 20&#215;60 cm. Plo\u010dice braon boje osvje\u017eit \u0107e svaki prostor. Kliknite na ime serije za sve plo\u010dice u [&hellip;]<\/p>\n","protected":false},"featured_media":88449,"template":"","meta":[],"product_cat":[210,9991089,200,280,260,999,270,250],"product_tag":[99950100],"_links":{"self":[{"href":"https:\/\/www.keramika.com\/srbija\/wp-json\/wp\/v2\/product\/88448"}],"collection":[{"href":"https:\/\/www.keramika.com\/srbija\/wp-json\/wp\/v2\/product"}],"about":[{"href":"https:\/\/www.keramika.com\/srbija\/wp-json\/wp\/v2\/types\/product"}],"wp:featuredmedia":[{"embeddable":true,"href":"https:\/\/www.keramika.com\/srbija\/wp-json\/wp\/v2\/media\/88449"}],"wp:attachment":[{"href":"https:\/\/www.keramika.com\/srbija\/wp-json\/wp\/v2\/media?parent=88448"}],"wp:term":[{"taxonomy":"product_cat","embeddable":true,"href":"https:\/\/www.keramika.com\/srbija\/wp-json\/wp\/v2\/product_cat?post=88448"},{"taxonomy":"product_tag","embeddable":true,"href":"https:\/\/www.keramika.com\/srbija\/wp-json\/wp\/v2\/product_tag?post=88448"}],"curies":[{"name":"wp","href":"https:\/\/api.w.org\/{rel}","templated":true}]}}