{"id":88446,"date":"2017-07-10T15:56:14","date_gmt":"2017-07-10T15:56:14","guid":{"rendered":"http:\/\/www.ceramictiles.com\/srbija\/product\/keramika-imitacija-drveta-emigres-canada-marron\/"},"modified":"2025-12-31T00:01:52","modified_gmt":"2025-12-31T00:01:52","slug":"keramika-imitacija-drveta-emigres-canada-marron","status":"publish","type":"product","link":"https:\/\/www.keramika.com\/srbija\/keramika-imitacija-drveta-emigres-canada-marron\/","title":{"rendered":"Keramika imitacija drveta Emigres Canada marron"},"content":{"rendered":"<p>Plo\u010dice dolaze iz \u0160panije, koja je poznata po kvalitetnoj keramiki. 9 mm debljina \u0107e zadovoljiti i najzahtevnije kupce. Online cena je samo 2562,2 RSD, dok redovna, maloprodajna cena 3201,6 RSD. Izuzetno moderne plo\u010dice sive boje, osve\u017eit \u0107e svaki prostor. Veli\u010dina plo\u010dice je 15&#215;49 cm i odli\u010dna je za razli\u010dite povr\u0161ine.<\/p>\n<p>Kliknite na ime serije za sve plo\u010dice u toj seriji: <a class=\"pdfcatal\" href=\"\/\/www.ceramictiles.com\/pdf\/emigres\/catalogue_emigres_canada.pdf\">Emigres Canada<\/a><\/p>\n<p>Technical description:<br \/>\nF 15&#215;49<br \/>\nCanad\u00e1 Beige ; Canad\u00e1 Marr\u00f3n ; Canad\u00e1 Gris ; Canad\u00e1 Wengu\u00e9 ;<\/p>\n","protected":false},"excerpt":{"rendered":"<p><a class=\"pdfcatal\" href=\" https:\/\/www.ceramictiles.com\/pdf\/catalogue_emigres.pdf \"> Generalni katalog Emigres sa svim kolkecijama u ponudi <\/a><\/p>\n","protected":false},"featured_media":88447,"template":"","meta":[],"product_cat":[210,9991089,200,280,260,999,270,250],"product_tag":[99950100,99950095],"_links":{"self":[{"href":"https:\/\/www.keramika.com\/srbija\/wp-json\/wp\/v2\/product\/88446"}],"collection":[{"href":"https:\/\/www.keramika.com\/srbija\/wp-json\/wp\/v2\/product"}],"about":[{"href":"https:\/\/www.keramika.com\/srbija\/wp-json\/wp\/v2\/types\/product"}],"wp:featuredmedia":[{"embeddable":true,"href":"https:\/\/www.keramika.com\/srbija\/wp-json\/wp\/v2\/media\/88447"}],"wp:attachment":[{"href":"https:\/\/www.keramika.com\/srbija\/wp-json\/wp\/v2\/media?parent=88446"}],"wp:term":[{"taxonomy":"product_cat","embeddable":true,"href":"https:\/\/www.keramika.com\/srbija\/wp-json\/wp\/v2\/product_cat?post=88446"},{"taxonomy":"product_tag","embeddable":true,"href":"https:\/\/www.keramika.com\/srbija\/wp-json\/wp\/v2\/product_tag?post=88446"}],"curies":[{"name":"wp","href":"https:\/\/api.w.org\/{rel}","templated":true}]}}