{"id":88442,"date":"2017-07-01T15:55:42","date_gmt":"2017-07-01T15:55:42","guid":{"rendered":"http:\/\/www.ceramictiles.com\/srbija\/product\/plocice-imitacija-kamena-emigres-bigstone-ordino\/"},"modified":"2025-12-31T00:01:52","modified_gmt":"2025-12-31T00:01:52","slug":"plocice-imitacija-kamena-emigres-bigstone-ordino","status":"publish","type":"product","link":"https:\/\/www.keramika.com\/srbija\/plocice-imitacija-kamena-emigres-bigstone-ordino\/","title":{"rendered":"Plo\u010dice imitacija kamena Emigres Bigstone Ordino"},"content":{"rendered":"<p>\u0160irina i du\u017eina plo\u010dice su 40&#215;57 cm. 4268,8 RSD je redovna prodajna cena keramike, tu pa samo 3415,5 RSD. Emigres Bigstone Ordino dolazi iz \u0160panije, koja je poznata po vrlo visokoj kvaliteta keramike u svetu. 9 mm debljine je dovoljno za zahtevnije kupce. Plo\u010dice braon boje osvje\u017eit \u0107e svaki prostor.<\/p>\n<p>Kliknite na ime serije za sve plo\u010dice u toj seriji: <a class=\"pdfcatal\" href=\"\/\/www.ceramictiles.com\/pdf\/emigres\/catalogue_emigres_ordino.pdf\" onclick=\"recordOutboundLink(this, 'E-mail', 'Description PDF');return false;\">Emigres Ordino<\/a><\/p>\n<p>Da bi naru\u010dili model iz PDF kataloga ove serije, molimo vas, da nas kontaktirate na: <a href=\"mailto:zo_mi@ceramictiles.com\" onclick=\"recordOutboundLink(this, 'E-mail', 'Description mail');return false;\">zo_mi@ceramictiles.com<\/a> ili nas pozovite na: For exact offer, PLS send us quantity and product you need with delivery address..<\/p>\n<p>Technical description: <br \/> W 40&#215;57 <br \/>Ordino Crema ; Ordino Beige ; Ordino Negro ;<\/p>\n","protected":false},"excerpt":{"rendered":"<p>\u0160irina i du\u017eina plo\u010dice su 40&#215;57 cm. 4268,8 RSD je redovna prodajna cena keramike, tu pa samo 3415,5 RSD. Emigres Bigstone Ordino dolazi iz \u0160panije, koja je poznata po vrlo visokoj kvaliteta keramike u svetu. 9 mm debljine je dovoljno za zahtevnije kupce. Plo\u010dice braon boje osvje\u017eit \u0107e svaki prostor. Kliknite na ime serije za [&hellip;]<\/p>\n","protected":false},"featured_media":88443,"template":"","meta":[],"product_cat":[210,9991089,200,280,260,999,270,250],"product_tag":[99950096],"_links":{"self":[{"href":"https:\/\/www.keramika.com\/srbija\/wp-json\/wp\/v2\/product\/88442"}],"collection":[{"href":"https:\/\/www.keramika.com\/srbija\/wp-json\/wp\/v2\/product"}],"about":[{"href":"https:\/\/www.keramika.com\/srbija\/wp-json\/wp\/v2\/types\/product"}],"wp:featuredmedia":[{"embeddable":true,"href":"https:\/\/www.keramika.com\/srbija\/wp-json\/wp\/v2\/media\/88443"}],"wp:attachment":[{"href":"https:\/\/www.keramika.com\/srbija\/wp-json\/wp\/v2\/media?parent=88442"}],"wp:term":[{"taxonomy":"product_cat","embeddable":true,"href":"https:\/\/www.keramika.com\/srbija\/wp-json\/wp\/v2\/product_cat?post=88442"},{"taxonomy":"product_tag","embeddable":true,"href":"https:\/\/www.keramika.com\/srbija\/wp-json\/wp\/v2\/product_tag?post=88442"}],"curies":[{"name":"wp","href":"https:\/\/api.w.org\/{rel}","templated":true}]}}