{"id":88436,"date":"2017-07-01T15:54:43","date_gmt":"2017-07-01T15:54:43","guid":{"rendered":"http:\/\/www.ceramictiles.com\/srbija\/product\/plocice-imitacija-kamena-emigres-bigstone-aran\/"},"modified":"2025-12-31T00:01:51","modified_gmt":"2025-12-31T00:01:51","slug":"plocice-imitacija-kamena-emigres-bigstone-aran","status":"publish","type":"product","link":"https:\/\/www.keramika.com\/srbija\/plocice-imitacija-kamena-emigres-bigstone-aran\/","title":{"rendered":"Plo\u010dice imitacija kamena Emigres Bigstone Aran"},"content":{"rendered":"<p>Veli\u010dina plo\u010dice je 40&#215;57 cm i odli\u010dna je za razli\u010dite povr\u0161ine. 4268,8 RSD je redovna prodajna cena keramike, tu pa samo 3415,5 RSD. Emigres Bigstone Aran dolazi iz \u0160panije, koja je poznata po vrlo visokoj kvaliteta keramike u svetu. 9 mm debljina \u0107e zadovoljiti i najzahtevnije kupce. Ove braon kerami\u010dke plo\u010dice, obogatit \u0107e svaki prostor.<\/p>\n<p>Kliknite na ime serije za sve plo\u010dice u toj seriji: <a class=\"pdfcatal\" href=\"\/\/www.ceramictiles.com\/pdf\/emigres\/catalogue_emigres_aran.pdf\" onclick=\"recordOutboundLink(this, 'E-mail', 'Description PDF');return false;\">Emigres Aran<\/a><\/p>\n<p>Da bi naru\u010dili model iz PDF kataloga ove serije, molimo vas, da nas kontaktirate na: <a href=\"mailto:zo_mi@ceramictiles.com\" onclick=\"recordOutboundLink(this, 'E-mail', 'Description mail');return false;\">zo_mi@ceramictiles.com<\/a> ili nas pozovite na: For exact offer, PLS send us quantity and product you need with delivery address..<\/p>\n<p>Technical description: <br \/> W 40&#215;57 <br \/>Aran Beige ; Aran Marr\u00f3n ; Aran Ocre ;<\/p>\n","protected":false},"excerpt":{"rendered":"<p>Veli\u010dina plo\u010dice je 40&#215;57 cm i odli\u010dna je za razli\u010dite povr\u0161ine. 4268,8 RSD je redovna prodajna cena keramike, tu pa samo 3415,5 RSD. Emigres Bigstone Aran dolazi iz \u0160panije, koja je poznata po vrlo visokoj kvaliteta keramike u svetu. 9 mm debljina \u0107e zadovoljiti i najzahtevnije kupce. Ove braon kerami\u010dke plo\u010dice, obogatit \u0107e svaki prostor. [&hellip;]<\/p>\n","protected":false},"featured_media":88437,"template":"","meta":[],"product_cat":[210,9991089,200,240,260,999,250],"product_tag":[99950096],"_links":{"self":[{"href":"https:\/\/www.keramika.com\/srbija\/wp-json\/wp\/v2\/product\/88436"}],"collection":[{"href":"https:\/\/www.keramika.com\/srbija\/wp-json\/wp\/v2\/product"}],"about":[{"href":"https:\/\/www.keramika.com\/srbija\/wp-json\/wp\/v2\/types\/product"}],"wp:featuredmedia":[{"embeddable":true,"href":"https:\/\/www.keramika.com\/srbija\/wp-json\/wp\/v2\/media\/88437"}],"wp:attachment":[{"href":"https:\/\/www.keramika.com\/srbija\/wp-json\/wp\/v2\/media?parent=88436"}],"wp:term":[{"taxonomy":"product_cat","embeddable":true,"href":"https:\/\/www.keramika.com\/srbija\/wp-json\/wp\/v2\/product_cat?post=88436"},{"taxonomy":"product_tag","embeddable":true,"href":"https:\/\/www.keramika.com\/srbija\/wp-json\/wp\/v2\/product_tag?post=88436"}],"curies":[{"name":"wp","href":"https:\/\/api.w.org\/{rel}","templated":true}]}}