{"id":88420,"date":"2017-07-01T15:52:28","date_gmt":"2017-07-01T15:52:28","guid":{"rendered":"http:\/\/www.ceramictiles.com\/srbija\/product\/podne-plocice-emigres-agata-marron\/"},"modified":"2025-12-31T00:01:48","modified_gmt":"2025-12-31T00:01:48","slug":"podne-plocice-emigres-agata-marron","status":"publish","type":"product","link":"https:\/\/www.keramika.com\/srbija\/podne-plocice-emigres-agata-marron\/","title":{"rendered":"Podne plo\u010dice Emigres Agata marron"},"content":{"rendered":"<p>Plo\u010dica 60&#215;60 cm je dobra za ve\u0107 razli\u010ditih namena. Ta kolekcija, model plo\u010dice, se prodaje najvi\u0161e braon boje. Emigres Agata marron je dostupna po vrlo povoljnim cenama 3243 RSD. Emigres Agata marron dolazi iz \u0160panije, koja je poznata po vrlo visokoj kvaliteta keramike u svetu. Debljina plo\u010dice, je vrlo va\u017ena 9 mm i ubraja tu plo\u010dicu me\u0111u najkvalitetnije.<\/p>\n<p>Kliknite na ime serije za sve plo\u010dice u toj seriji: <a class=\"pdfcatal\" href=\"\/\/www.ceramictiles.com\/pdf\/emigres\/catalogue_emigres_agata.pdf\" onclick=\"recordOutboundLink(this, 'E-mail', 'Description PDF');return false;\">Emigres Agata<\/a><\/p>\n<p>Da bi naru\u010dili model iz PDF kataloga ove serije, molimo vas, da nas kontaktirate na: <a href=\"mailto:zo_mi@ceramictiles.com\" onclick=\"recordOutboundLink(this, 'E-mail', 'Description mail');return false;\">zo_mi@ceramictiles.com<\/a> ili nas pozovite na: For exact offer, PLS send us quantity and product you need with delivery address..<\/p>\n<p>Technical description: <br \/> F 60&#215;60 <br \/>\u00c1gata Beige ; \u00c1gata Marr\u00f3n ;<\/p>\n","protected":false},"excerpt":{"rendered":"<p>Plo\u010dica 60&#215;60 cm je dobra za ve\u0107 razli\u010ditih namena. Ta kolekcija, model plo\u010dice, se prodaje najvi\u0161e braon boje. Emigres Agata marron je dostupna po vrlo povoljnim cenama 3243 RSD. Emigres Agata marron dolazi iz \u0160panije, koja je poznata po vrlo visokoj kvaliteta keramike u svetu. Debljina plo\u010dice, je vrlo va\u017ena 9 mm i ubraja tu [&hellip;]<\/p>\n","protected":false},"featured_media":88421,"template":"","meta":[],"product_cat":[210,9991089,200,230,240,999],"product_tag":[],"_links":{"self":[{"href":"https:\/\/www.keramika.com\/srbija\/wp-json\/wp\/v2\/product\/88420"}],"collection":[{"href":"https:\/\/www.keramika.com\/srbija\/wp-json\/wp\/v2\/product"}],"about":[{"href":"https:\/\/www.keramika.com\/srbija\/wp-json\/wp\/v2\/types\/product"}],"wp:featuredmedia":[{"embeddable":true,"href":"https:\/\/www.keramika.com\/srbija\/wp-json\/wp\/v2\/media\/88421"}],"wp:attachment":[{"href":"https:\/\/www.keramika.com\/srbija\/wp-json\/wp\/v2\/media?parent=88420"}],"wp:term":[{"taxonomy":"product_cat","embeddable":true,"href":"https:\/\/www.keramika.com\/srbija\/wp-json\/wp\/v2\/product_cat?post=88420"},{"taxonomy":"product_tag","embeddable":true,"href":"https:\/\/www.keramika.com\/srbija\/wp-json\/wp\/v2\/product_tag?post=88420"}],"curies":[{"name":"wp","href":"https:\/\/api.w.org\/{rel}","templated":true}]}}