{"id":88418,"date":"2017-07-01T15:52:17","date_gmt":"2017-07-01T15:52:17","guid":{"rendered":"http:\/\/www.ceramictiles.com\/srbija\/product\/plocice-zirconio-solera-avena\/"},"modified":"2025-12-31T00:01:48","modified_gmt":"2025-12-31T00:01:48","slug":"plocice-zirconio-solera-avena","status":"publish","type":"product","link":"https:\/\/www.keramika.com\/srbija\/plocice-zirconio-solera-avena\/","title":{"rendered":"Plo\u010dice Zirconio Solera avena"},"content":{"rendered":"<p>\u0160irina i du\u017eina plo\u010dice su 20&#215;120 cm. Ta kolekcija, model plo\u010dice, se prodaje najvi\u0161e be\u017e boje. Ove plo\u010dice dolaze od proizvo\u0111a\u010da Zirconio, iz \u0160panije. Ova plo\u010dica je debela 12 mm i zato je izuzetno izdr\u017eljiva. Zbog ni\u017eih tro\u0161kova, online prodaje, Vi \u0107e te na na\u0161oj strani ove plo\u010de platiti samo 6481,4 RSD.<\/p>\n<p>Kliknite na ime serije za sve plo\u010dice u toj seriji: <a class=\"pdfcatal\" href=\"\/\/www.ceramictiles.com\/pdf\/zirconio\/catalogue_zirconio_solera.pdf\">Zirconio Solera<\/a><\/p>\n<p>Da bi naru\u010dili model iz PDF kataloga ove serije, molimo vas, da nas kontaktirate na: <a href=\"mailto:zo_mi@ceramictiles.com\">zo_mi@ceramictiles.com<\/a> ili nas pozovite na: For exact offer, PLS send us quantity and product you need with delivery address..<\/p>\n<p>Technical description:<br \/>\nF 20&#215;120<br \/>\nSolera Lino ; Solera Avena ; Solera Enea ; Solera Grip Enea ; Solera Ceniza ; Solera Nuez ; Solera Grip Nuez ; Solera Humo ;<\/p>\n","protected":false},"excerpt":{"rendered":"<p>\u0160irina i du\u017eina plo\u010dice su 20&#215;120 cm. Ta kolekcija, model plo\u010dice, se prodaje najvi\u0161e be\u017e boje. Ove plo\u010dice dolaze od proizvo\u0111a\u010da Zirconio, iz \u0160panije. Ova plo\u010dica je debela 12 mm i zato je izuzetno izdr\u017eljiva. Zbog ni\u017eih tro\u0161kova, online prodaje, Vi \u0107e te na na\u0161oj strani ove plo\u010de platiti samo 6481,4 RSD. Kliknite na ime [&hellip;]<\/p>\n","protected":false},"featured_media":88419,"template":"","meta":[],"product_cat":[200,240,260,999,270,999137],"product_tag":[],"_links":{"self":[{"href":"https:\/\/www.keramika.com\/srbija\/wp-json\/wp\/v2\/product\/88418"}],"collection":[{"href":"https:\/\/www.keramika.com\/srbija\/wp-json\/wp\/v2\/product"}],"about":[{"href":"https:\/\/www.keramika.com\/srbija\/wp-json\/wp\/v2\/types\/product"}],"wp:featuredmedia":[{"embeddable":true,"href":"https:\/\/www.keramika.com\/srbija\/wp-json\/wp\/v2\/media\/88419"}],"wp:attachment":[{"href":"https:\/\/www.keramika.com\/srbija\/wp-json\/wp\/v2\/media?parent=88418"}],"wp:term":[{"taxonomy":"product_cat","embeddable":true,"href":"https:\/\/www.keramika.com\/srbija\/wp-json\/wp\/v2\/product_cat?post=88418"},{"taxonomy":"product_tag","embeddable":true,"href":"https:\/\/www.keramika.com\/srbija\/wp-json\/wp\/v2\/product_tag?post=88418"}],"curies":[{"name":"wp","href":"https:\/\/api.w.org\/{rel}","templated":true}]}}