{"id":88416,"date":"2017-07-01T15:52:05","date_gmt":"2017-07-01T15:52:05","guid":{"rendered":"http:\/\/www.ceramictiles.com\/srbija\/product\/plocice-zirconio-radica-gris\/"},"modified":"2025-12-31T00:01:48","modified_gmt":"2025-12-31T00:01:48","slug":"plocice-zirconio-radica-gris","status":"publish","type":"product","link":"https:\/\/www.keramika.com\/srbija\/plocice-zirconio-radica-gris\/","title":{"rendered":"Plo\u010dice Zirconio Radica Gris"},"content":{"rendered":"<p>Plo\u010dice sive boje, su letos izuzetno tre\u017eene. Redovna cena, ovih plo\u010dica u maloprodaji je 3758,2 RSD. U na\u0161oj online trgovini, je mo\u017eete kupiti za 3006,1 RSD. Plo\u010dice dolaze iz \u0160panije, koja je poznata po kvalitetnoj keramiki. Veli\u010dina plo\u010dice je 45&#215;67,5 cm i odli\u010dna je za razli\u010dite povr\u0161ine. Plo\u010dica je debela 10 mm, \u0161to je ubraja u tvrde plo\u010dice.<\/p>\n<p>Kliknite na ime serije za sve plo\u010dice u toj seriji: <a class=\"pdfcatal\" href=\"\/\/www.ceramictiles.com\/pdf\/zirconio\/catalogue_zirconio_radica.pdf\">Zirconio Radica<\/a><\/p>\n<p>Da bi naru\u010dili model iz PDF kataloga ove serije, molimo vas, da nas kontaktirate na: <a href=\"mailto:zo_mi@ceramictiles.com\">zo_mi@ceramictiles.com<\/a> ili nas pozovite na: For exact offer, PLS send us quantity and product you need with delivery address..<\/p>\n<p>Technical description:<br \/>\nW &amp; F 60&#215;120 ; 59,6&#215;119,2 ; 60&#215;60 ; 45&#215;67,5 ; 45&#215;45 ; 33,3&#215;33,3<br \/>\nRadica Negro ; Radica Luxe Negro ; Radica Grip Negro ; Radica Marfil ; Radica Luxe Marfil ; Radica Grip Marfil ; Radica Gris ; Radica Luxe Gris ; Radica Grip Gris ; Radica Noce<\/p>\n","protected":false},"excerpt":{"rendered":"<p>Plo\u010dice sive boje, su letos izuzetno tre\u017eene. Redovna cena, ovih plo\u010dica u maloprodaji je 3758,2 RSD. U na\u0161oj online trgovini, je mo\u017eete kupiti za 3006,1 RSD. Plo\u010dice dolaze iz \u0160panije, koja je poznata po kvalitetnoj keramiki. Veli\u010dina plo\u010dice je 45&#215;67,5 cm i odli\u010dna je za razli\u010dite povr\u0161ine. Plo\u010dica je debela 10 mm, \u0161to je ubraja [&hellip;]<\/p>\n","protected":false},"featured_media":88417,"template":"","meta":[],"product_cat":[200,280,260,999,270,999137],"product_tag":[],"_links":{"self":[{"href":"https:\/\/www.keramika.com\/srbija\/wp-json\/wp\/v2\/product\/88416"}],"collection":[{"href":"https:\/\/www.keramika.com\/srbija\/wp-json\/wp\/v2\/product"}],"about":[{"href":"https:\/\/www.keramika.com\/srbija\/wp-json\/wp\/v2\/types\/product"}],"wp:featuredmedia":[{"embeddable":true,"href":"https:\/\/www.keramika.com\/srbija\/wp-json\/wp\/v2\/media\/88417"}],"wp:attachment":[{"href":"https:\/\/www.keramika.com\/srbija\/wp-json\/wp\/v2\/media?parent=88416"}],"wp:term":[{"taxonomy":"product_cat","embeddable":true,"href":"https:\/\/www.keramika.com\/srbija\/wp-json\/wp\/v2\/product_cat?post=88416"},{"taxonomy":"product_tag","embeddable":true,"href":"https:\/\/www.keramika.com\/srbija\/wp-json\/wp\/v2\/product_tag?post=88416"}],"curies":[{"name":"wp","href":"https:\/\/api.w.org\/{rel}","templated":true}]}}