{"id":88412,"date":"2017-07-01T15:51:42","date_gmt":"2017-07-01T15:51:42","guid":{"rendered":"http:\/\/www.ceramictiles.com\/srbija\/product\/plocice-zirconio-elite-cemento\/"},"modified":"2025-12-31T00:01:47","modified_gmt":"2025-12-31T00:01:47","slug":"plocice-zirconio-elite-cemento","status":"publish","type":"product","link":"https:\/\/www.keramika.com\/srbija\/plocice-zirconio-elite-cemento\/","title":{"rendered":"Plo\u010dice Zirconio Elite Cemento"},"content":{"rendered":"<p>Keramika je prekrasne sive boje. U koliko \u017eelite neku drugu boju, pozovite nas i mi \u0107emo proveriti kod proizvo\u0111a\u010da. Veli\u010dina 45&#215;67,5 cm je odli\u010dna za sve podloge. Plo\u010dica je debela 10 mm, \u0161to je ubraja u tvrde plo\u010dice. Ceramica Zirconio Elite Cemento je dostupna po vrlo povoljnim cenama 3408,6 RSD. Ceramica Zirconio Elite Cemento je proizvod iz \u0160panije te je izuzetno kvalitetna.<\/p>\n<p>Kliknite na ime serije za sve plo\u010dice u toj seriji: <a class=\"pdfcatal\" href=\"\/\/www.ceramictiles.com\/pdf\/zirconio\/catalogue_zirconio_elite.pdf\">Zirconio Elite<\/a><\/p>\n<p>Da bi naru\u010dili model iz PDF kataloga ove serije, molimo vas, da nas kontaktirate na: <a href=\"mailto:zo_mi@ceramictiles.com\">zo_mi@ceramictiles.com<\/a> ili nas pozovite na: For exact offer, PLS send us quantity and product you need with delivery address..<\/p>\n<p>Technical description:<br \/>\nF 60&#215;60 ; 60&#215;120 ; 59,6&#215;119,2 ; 45&#215;67,5 ; 44,4&#215;66,6<br \/>\n\u00c9lite Cemento ; \u00c9lite Luxe Cemento ; \u00c9lite Safe Cemento ; \u00c9lite Arena ; \u00c9lite Luxe Arena ; \u00c9lite Safe Arena ; \u00c9lite Acero ; \u00c9lite Luxe Acero ;<\/p>\n","protected":false},"excerpt":{"rendered":"<p>Keramika je prekrasne sive boje. U koliko \u017eelite neku drugu boju, pozovite nas i mi \u0107emo proveriti kod proizvo\u0111a\u010da. Veli\u010dina 45&#215;67,5 cm je odli\u010dna za sve podloge. Plo\u010dica je debela 10 mm, \u0161to je ubraja u tvrde plo\u010dice. Ceramica Zirconio Elite Cemento je dostupna po vrlo povoljnim cenama 3408,6 RSD. Ceramica Zirconio Elite Cemento je [&hellip;]<\/p>\n","protected":false},"featured_media":88413,"template":"","meta":[],"product_cat":[200,240,999,270,250,999137],"product_tag":[],"_links":{"self":[{"href":"https:\/\/www.keramika.com\/srbija\/wp-json\/wp\/v2\/product\/88412"}],"collection":[{"href":"https:\/\/www.keramika.com\/srbija\/wp-json\/wp\/v2\/product"}],"about":[{"href":"https:\/\/www.keramika.com\/srbija\/wp-json\/wp\/v2\/types\/product"}],"wp:featuredmedia":[{"embeddable":true,"href":"https:\/\/www.keramika.com\/srbija\/wp-json\/wp\/v2\/media\/88413"}],"wp:attachment":[{"href":"https:\/\/www.keramika.com\/srbija\/wp-json\/wp\/v2\/media?parent=88412"}],"wp:term":[{"taxonomy":"product_cat","embeddable":true,"href":"https:\/\/www.keramika.com\/srbija\/wp-json\/wp\/v2\/product_cat?post=88412"},{"taxonomy":"product_tag","embeddable":true,"href":"https:\/\/www.keramika.com\/srbija\/wp-json\/wp\/v2\/product_tag?post=88412"}],"curies":[{"name":"wp","href":"https:\/\/api.w.org\/{rel}","templated":true}]}}