{"id":88354,"date":"2017-07-01T15:43:43","date_gmt":"2017-07-01T15:43:43","guid":{"rendered":"http:\/\/www.ceramictiles.com\/srbija\/product\/keramika-aparici-traversa-nuez\/"},"modified":"2017-07-01T15:43:43","modified_gmt":"2017-07-01T15:43:43","slug":"keramika-aparici-traversa-nuez","status":"publish","type":"product","link":"https:\/\/www.keramika.com\/srbija\/keramika-aparici-traversa-nuez\/","title":{"rendered":"Keramika Aparici Traversa Nuez"},"content":{"rendered":"<p>Debljina plo\u010dice, je vrlo va\u017ena 9 mm i ubraja tu plo\u010dicu me\u0111u najkvalitetnije. Veli\u010dina ove plo\u010dice je 31,6&#215;59,2 cm. Plo\u010dice braon boje osvje\u017eit \u0107e svaki prostor. Ceramicas Aparici Traversa Nuez dolazi iz \u0160panije, koja je poznata po vrlo visokoj kvaliteta keramike u svetu.<\/p>\n<p>Kliknite na ime serije za sve plo\u010dice u toj seriji: <a class=\"pdfcatal\" href=\"\/\/www.ceramictiles.com\/pdf\/aparici\/catalogue_aparici_traversa.pdf\" onclick=\"recordOutboundLink(this, 'E-mail', 'Description PDF');return false;\">Aparici Traversa<\/a><\/p>\n<p>Da bi naru\u010dili model iz PDF kataloga ove serije, molimo vas, da nas kontaktirate na: <a href=\"mailto:zo_mi@ceramictiles.com\" onclick=\"recordOutboundLink(this, 'E-mail', 'Description mail');return false;\">zo_mi@ceramictiles.com<\/a> ili nas pozovite na: For exact offer, PLS send us quantity and product you need with delivery address..<\/p>\n<p>Technical description: <br \/> F 31,6&#215;59,2 <br \/>Traversa Verde ; Traversa Nuez ;<\/p>\n","protected":false},"excerpt":{"rendered":"<p>Debljina plo\u010dice, je vrlo va\u017ena 9 mm i ubraja tu plo\u010dicu me\u0111u najkvalitetnije. Veli\u010dina ove plo\u010dice je 31,6&#215;59,2 cm. Plo\u010dice braon boje osvje\u017eit \u0107e svaki prostor. Ceramicas Aparici Traversa Nuez dolazi iz \u0160panije, koja je poznata po vrlo visokoj kvaliteta keramike u svetu. Kliknite na ime serije za sve plo\u010dice u toj seriji: Aparici Traversa [&hellip;]<\/p>\n","protected":false},"featured_media":88355,"template":"","meta":[],"product_cat":[999773,200,230,240,999],"product_tag":[],"_links":{"self":[{"href":"https:\/\/www.keramika.com\/srbija\/wp-json\/wp\/v2\/product\/88354"}],"collection":[{"href":"https:\/\/www.keramika.com\/srbija\/wp-json\/wp\/v2\/product"}],"about":[{"href":"https:\/\/www.keramika.com\/srbija\/wp-json\/wp\/v2\/types\/product"}],"wp:featuredmedia":[{"embeddable":true,"href":"https:\/\/www.keramika.com\/srbija\/wp-json\/wp\/v2\/media\/88355"}],"wp:attachment":[{"href":"https:\/\/www.keramika.com\/srbija\/wp-json\/wp\/v2\/media?parent=88354"}],"wp:term":[{"taxonomy":"product_cat","embeddable":true,"href":"https:\/\/www.keramika.com\/srbija\/wp-json\/wp\/v2\/product_cat?post=88354"},{"taxonomy":"product_tag","embeddable":true,"href":"https:\/\/www.keramika.com\/srbija\/wp-json\/wp\/v2\/product_tag?post=88354"}],"curies":[{"name":"wp","href":"https:\/\/api.w.org\/{rel}","templated":true}]}}