{"id":88344,"date":"2017-07-01T15:42:04","date_gmt":"2017-07-01T15:42:04","guid":{"rendered":"http:\/\/www.ceramictiles.com\/srbija\/product\/keramika-aparici-tavira-arce\/"},"modified":"2017-07-01T15:42:04","modified_gmt":"2017-07-01T15:42:04","slug":"keramika-aparici-tavira-arce","status":"publish","type":"product","link":"https:\/\/www.keramika.com\/srbija\/keramika-aparici-tavira-arce\/","title":{"rendered":"Keramika Aparici Tavira Arce"},"content":{"rendered":"<p>Veli\u010dina plo\u010dice je 31,6&#215;59,2 cm i odli\u010dna je za razli\u010dite povr\u0161ine. Ta kolekcija, model plo\u010dice, se prodaje najvi\u0161e be\u017e boje. Ceramicas Aparici Tavira Arce je proizvod iz \u0160panije te je izuzetno kvalitetna. 9 mm debljina \u0107e zadovoljiti i najzahtevnije kupce.<\/p>\n<p>Kliknite na ime serije za sve plo\u010dice u toj seriji: <a class=\"pdfcatal\" href=\"\/\/www.ceramictiles.com\/pdf\/aparici\/catalogue_aparici_tavira.pdf\" onclick=\"recordOutboundLink(this, 'E-mail', 'Description PDF');return false;\">Aparici Tavira<\/a><\/p>\n<p>Da bi naru\u010dili model iz PDF kataloga ove serije, molimo vas, da nas kontaktirate na: <a href=\"mailto:zo_mi@ceramictiles.com\" onclick=\"recordOutboundLink(this, 'E-mail', 'Description mail');return false;\">zo_mi@ceramictiles.com<\/a> ili nas pozovite na: For exact offer, PLS send us quantity and product you need with delivery address..<\/p>\n<p>Technical description: <br \/> F 31,6&#215;59,2 <br \/>Tavira Arce ; Tavira Wengue ; Tavira Fresno ; Tavira Teca ;<\/p>\n","protected":false},"excerpt":{"rendered":"<p>Veli\u010dina plo\u010dice je 31,6&#215;59,2 cm i odli\u010dna je za razli\u010dite povr\u0161ine. Ta kolekcija, model plo\u010dice, se prodaje najvi\u0161e be\u017e boje. Ceramicas Aparici Tavira Arce je proizvod iz \u0160panije te je izuzetno kvalitetna. 9 mm debljina \u0107e zadovoljiti i najzahtevnije kupce. Kliknite na ime serije za sve plo\u010dice u toj seriji: Aparici Tavira Da bi naru\u010dili [&hellip;]<\/p>\n","protected":false},"featured_media":88345,"template":"","meta":[],"product_cat":[999773,200,220,240,999,250],"product_tag":[],"_links":{"self":[{"href":"https:\/\/www.keramika.com\/srbija\/wp-json\/wp\/v2\/product\/88344"}],"collection":[{"href":"https:\/\/www.keramika.com\/srbija\/wp-json\/wp\/v2\/product"}],"about":[{"href":"https:\/\/www.keramika.com\/srbija\/wp-json\/wp\/v2\/types\/product"}],"wp:featuredmedia":[{"embeddable":true,"href":"https:\/\/www.keramika.com\/srbija\/wp-json\/wp\/v2\/media\/88345"}],"wp:attachment":[{"href":"https:\/\/www.keramika.com\/srbija\/wp-json\/wp\/v2\/media?parent=88344"}],"wp:term":[{"taxonomy":"product_cat","embeddable":true,"href":"https:\/\/www.keramika.com\/srbija\/wp-json\/wp\/v2\/product_cat?post=88344"},{"taxonomy":"product_tag","embeddable":true,"href":"https:\/\/www.keramika.com\/srbija\/wp-json\/wp\/v2\/product_tag?post=88344"}],"curies":[{"name":"wp","href":"https:\/\/api.w.org\/{rel}","templated":true}]}}