{"id":88332,"date":"2017-07-01T15:40:09","date_gmt":"2017-07-01T15:40:09","guid":{"rendered":"http:\/\/www.ceramictiles.com\/srbija\/product\/keramika-aparici-skyline-lila\/"},"modified":"2017-07-01T15:40:09","modified_gmt":"2017-07-01T15:40:09","slug":"keramika-aparici-skyline-lila","status":"publish","type":"product","link":"https:\/\/www.keramika.com\/srbija\/keramika-aparici-skyline-lila\/","title":{"rendered":"Keramika Aparici Skyline Lila"},"content":{"rendered":"<p>Proizvodnja \u0160panije ,koja je poznata u svetu, kao jedana od najboljih proizvo\u0111a\u010da kerami\u010dkih plo\u010dica. Keramika je prekrasne ljubi\u010daste boje. U koliko \u017eelite neku drugu boju, pozovite nas i mi \u0107emo proveriti kod proizvo\u0111a\u010da. Ova plo\u010dica je debela 9 mm i zato je izuzetno izdr\u017eljiva. \u0160irina i du\u017eina plo\u010dice su 25,1&#215;75,6 cm.<\/p>\n<p>Kliknite na ime serije za sve plo\u010dice u toj seriji: <a class=\"pdfcatal\" href=\"\/\/www.ceramictiles.com\/pdf\/aparici\/catalogue_aparici_skyline.pdf\" onclick=\"recordOutboundLink(this, 'E-mail', 'Description PDF');return false;\">Aparici Skyline<\/a><\/p>\n<p>Da bi naru\u010dili model iz PDF kataloga ove serije, molimo vas, da nas kontaktirate na: <a href=\"mailto:zo_mi@ceramictiles.com\" onclick=\"recordOutboundLink(this, 'E-mail', 'Description mail');return false;\">zo_mi@ceramictiles.com<\/a> ili nas pozovite na: For exact offer, PLS send us quantity and product you need with delivery address..<\/p>\n<p>Technical description: <br \/> W 25,1&#215;75,6 <br \/>Skyline White ; Skyline Beige ; Skyline Blue ; Skyline Lila ;<\/p>\n","protected":false},"excerpt":{"rendered":"<p>Proizvodnja \u0160panije ,koja je poznata u svetu, kao jedana od najboljih proizvo\u0111a\u010da kerami\u010dkih plo\u010dica. Keramika je prekrasne ljubi\u010daste boje. U koliko \u017eelite neku drugu boju, pozovite nas i mi \u0107emo proveriti kod proizvo\u0111a\u010da. Ova plo\u010dica je debela 9 mm i zato je izuzetno izdr\u017eljiva. \u0160irina i du\u017eina plo\u010dice su 25,1&#215;75,6 cm. Kliknite na ime serije [&hellip;]<\/p>\n","protected":false},"featured_media":88333,"template":"","meta":[],"product_cat":[999773,200,220,240,999,250],"product_tag":[],"_links":{"self":[{"href":"https:\/\/www.keramika.com\/srbija\/wp-json\/wp\/v2\/product\/88332"}],"collection":[{"href":"https:\/\/www.keramika.com\/srbija\/wp-json\/wp\/v2\/product"}],"about":[{"href":"https:\/\/www.keramika.com\/srbija\/wp-json\/wp\/v2\/types\/product"}],"wp:featuredmedia":[{"embeddable":true,"href":"https:\/\/www.keramika.com\/srbija\/wp-json\/wp\/v2\/media\/88333"}],"wp:attachment":[{"href":"https:\/\/www.keramika.com\/srbija\/wp-json\/wp\/v2\/media?parent=88332"}],"wp:term":[{"taxonomy":"product_cat","embeddable":true,"href":"https:\/\/www.keramika.com\/srbija\/wp-json\/wp\/v2\/product_cat?post=88332"},{"taxonomy":"product_tag","embeddable":true,"href":"https:\/\/www.keramika.com\/srbija\/wp-json\/wp\/v2\/product_tag?post=88332"}],"curies":[{"name":"wp","href":"https:\/\/api.w.org\/{rel}","templated":true}]}}